{"id":5145,"date":"2021-07-21T10:32:47","date_gmt":"2021-07-21T08:32:47","guid":{"rendered":"https:\/\/www.camping-lasiesta.com\/com-arribar\/"},"modified":"2025-05-15T11:49:53","modified_gmt":"2025-05-15T09:49:53","slug":"com-arribar","status":"publish","type":"page","link":"https:\/\/www.camping-lasiesta.com\/ca\/com-arribar\/","title":{"rendered":"Com arribar"},"content":{"rendered":"<div id=\"wp-block-cabecera-pagina-block_0aef0bf27025ac7e4429cd35711c9772\" class=\"wp-block-cabecera-pagina alignfull has-icons-align-left\">\n    <div class=\"sanefa-siguiente-wrapper\">\n            <div class=\"siguiente-seccion-link-wrapper\">\n                <a href=\"#como-llegar\" class=\"link-ico-em siguiente-seccion\">\n                <em class=\"hover-round-after\"><\/em>\n                            <\/a>\n                <\/div>\n                                <\/div>\n            \n\n<div class=\"wp-block-cover alignfull is-light\" style=\"min-height:100vh;aspect-ratio:unset;\"><span aria-hidden=\"true\" class=\"wp-block-cover__background has-background-dim wp-block-cover__gradient-background has-background-gradient has-gradient-black-transparent-gradient-background\"><\/span><img loading=\"lazy\" decoding=\"async\" width=\"1534\" height=\"1024\" class=\"wp-block-cover__image-background wp-image-2777\" alt=\"\" src=\"https:\/\/www.camping-lasiesta.com\/wp-content\/uploads\/entrada-recepcion-la-siesta.jpg\" data-object-fit=\"cover\" srcset=\"https:\/\/www.camping-lasiesta.com\/wp-content\/uploads\/entrada-recepcion-la-siesta.jpg 1534w, https:\/\/www.camping-lasiesta.com\/wp-content\/uploads\/entrada-recepcion-la-siesta-1024x684.jpg 1024w, https:\/\/www.camping-lasiesta.com\/wp-content\/uploads\/entrada-recepcion-la-siesta-768x513.jpg 768w, https:\/\/www.camping-lasiesta.com\/wp-content\/uploads\/entrada-recepcion-la-siesta-900x600.jpg 900w, https:\/\/www.camping-lasiesta.com\/wp-content\/uploads\/entrada-recepcion-la-siesta-600x401.jpg 600w, https:\/\/www.camping-lasiesta.com\/wp-content\/uploads\/entrada-recepcion-la-siesta-450x300.jpg 450w, https:\/\/www.camping-lasiesta.com\/wp-content\/uploads\/entrada-recepcion-la-siesta-225x150.jpg 225w\" sizes=\"auto, (max-width: 1534px) 100vw, 1534px\" \/><div class=\"wp-block-cover__inner-container is-layout-flow wp-block-cover-is-layout-flow\">\n<h1 class=\"wp-block-heading has-text-align-center has-blank-4-white-color has-text-color has-link-color wp-elements-582b7a4d1d7ee878dd4af99be3522b8c\">Com arribar<\/h1>\n<\/div><\/div>\n\n<\/div>\n\n<div class=\"wp-block-group alignfull is-style-palmera-2-right is-layout-flow wp-block-group-is-layout-flow\">\n\n<div id=\"como-llegar\" class=\"alignwide ancla-seccion ancla-seccion-generica\">\n<div id=\"wp-block-seccion-generica-block_eb12f6942888cbb57bcc1e7e30400b64\" class=\"wp-block-seccion-generica alignwide\">\n\n\n    <a href=\"#mapa-ruta\" class=\"boton-siguiente \"><em class=\"hover-round-after\"><\/em><span>siguiente<\/span><\/a>\n    <div class=\"secccion-generica-wrapper\">\n        \n<div id=\"wp-block-cabecera-seccion-block_053de7a8cda087deb6bcd04db8b1a9bf\" class=\"wp-block-cabecera-seccion has-text-align-center\">\n        \n\n<p class=\"is-style-sobre-titulo has-blank-4-blue-2-color has-text-color\">UBICACI\u00d3<\/p>\n\n\n\n<h2 class=\"wp-block-heading is-style-sobre-titulo has-blank-4-blue-4-color has-text-color\">COM ARRIBAR<\/h2>\n\n<\/div>\n\n<div id=\"wp-block-texto-seccion-block_21e7ab98fa5fa7f975308c13fd98aa8a\" class=\"wp-block-texto-seccion has-text-align-left\">\n        \n\n<p>Arribar a La Siesta Salou Resort &amp; Camping, no t\u00e9 p\u00e8rdua. El c\u00e0mping es troba al centre de Salou, a 10 quil\u00f2metres de Tarragona, pocs metres de la platja i molt a prop de Port Aventura World. Amb aquest mapa que trobar\u00e0s a la p\u00e0gina ser\u00e0 encara m\u00e9s senzill arribar al resort La Siesta Salou.   Introdueix al camp d&#8217;on v\u00e9ns i t&#8217;indicarem, pas per pas, com arribar.<\/p>\n\n\n\n<p>Estarem encantats de facilitar-te la ruta per a que et retrobis amb la felicitat!<\/p>\n\n<\/div>\n\n<div id=\"wp-block-botones-mini-block_012c4d5b3d8a8d6dc37cb48ffb7fe02b\" class=\"wp-block-botones-mini botones-texto-big has-text-align-left columnas-botones-2\">\n        \n<div id=\"wp-block-boton-mini-block_40c2f68551c57eadcf168944c9a57ef5\" class=\"wp-block-boton-mini\">\n       <a id=\"boton_834\" href=\"https:\/\/www.camping-lasiesta.com\/wp-content\/uploads\/como-llegar.pdf\" class=\"boton-texto\" target=\"_blank\" data-gallery=\"boton_834\">\n       <span>Com arribar<\/span>\n       <em><\/em>\n       <\/a>\n<\/div>\n\n\n\n\n<div id=\"wp-block-boton-mini-block_7da25e88cfa0800727523aabb5f36ba9\" class=\"wp-block-boton-mini\">\n       <a id=\"boton_106\" href=\"https:\/\/www.camping-lasiesta.com\/wp-content\/uploads\/como-llegar-salou.pdf\" class=\"boton-texto\" target=\"_blank\" data-gallery=\"boton_106\">\n       <span>Pl\u00e0nol de Salou<\/span>\n       <em><\/em>\n       <\/a>\n<\/div>\n\n\n\n\n<div id=\"wp-block-boton-mini-block_67ed1bf3d7ece3278fc977b9099e5e0b\" class=\"wp-block-boton-mini\">\n       <a id=\"boton_731\" href=\"https:\/\/www.camping-lasiesta.com\/wp-content\/uploads\/mapa-del-resort.jpg\" class=\"boton-texto\" target=\"_blank\" data-gallery=\"boton_731\" class=\"image-link\">\n       <span>Mapa del Resort<\/span>\n       <em><\/em>\n       <\/a>\n<\/div>\n\n\n\n\n<div id=\"wp-block-boton-mini-block_7e804b1867504ac3bafb0cb0e5577a66\" class=\"wp-block-boton-mini\">\n       <a id=\"boton_21\" href=\"#transfers\" class=\"boton-texto popup-link\" target=\"_self\" data-gallery=\"boton_21\">\n       <span>TRANSFERS<\/span>\n       <em><\/em>\n       <\/a>\n<\/div>\n\n\n\n<\/div>\n        <\/div>\n<\/div>\n<\/div>\n\n<style>\n\n    #wp-block-seccion-generica-block_eb12f6942888cbb57bcc1e7e30400b64 {\n        background-size: cover;\n        background-color: var(--blue-2);\n        background-repeat: no-repeat;\n        background-position: center center;\n    }\n\n    @media screen and (max-width: 799px) {\n        #wp-block-seccion-generica-block_eb12f6942888cbb57bcc1e7e30400b64 {\n            \n            background-image: url(https:\/\/www.camping-lasiesta.com\/wp-content\/uploads\/recepcion-mobile.jpg);\n        }\n    }\n    @media screen and (min-width: 800px) {\n        #wp-block-seccion-generica-block_eb12f6942888cbb57bcc1e7e30400b64 {\n            background-image: url(https:\/\/www.camping-lasiesta.com\/wp-content\/uploads\/recepcion-lasiestasalou.jpg);\n        }\n    }\n\n\n\n<\/style><\/div>\n\n<div id=\"wp-block-popup-block_9a03768416cf34294de4f3d2c738f6bb\" class=\"wp-block-popup\" data-popup=\"transfers\">\n<div class=\"popup-overlay\"><\/div>\n    <a class=\"close-popup-link link-ico-em\" href=\"#\"><em class=\"hover-round-after\"><\/em><\/a>\n    \n                <div class=\"content-popup\">\n            \n\n<h2 class=\"wp-block-heading has-blank-4-blue-2-color has-text-color\">Reserva la teva millor opci\u00f3 de transfer<\/h2>\n\n\n\n<p>Necessites un <strong>transfer <\/strong>per arribar a <strong>La Siesta Salou<\/strong>?<\/p>\n\n\n\n<p>Viatja amb total comoditat amb <strong>Triggle <\/strong>i comen\u00e7a les teves vacances sense preocupacions. Escull entre transfer privat, compartit o l&#8217;opci\u00f3 que millor s&#8217;adapti a tu i gaudeix d&#8217;un trasllat r\u00e0pid i segur des de l&#8217;aeroport fins al resort. <\/p>\n\n\n\n<p><strong>Reserva ara<\/strong> i assegura&#8217;t de tenir el transport llest per a la teva arribada. <\/p>\n\n\n<div id=\"wp-block-botones-mini-block_6e1f80b8916354adea08a796bfb599b2\" class=\"wp-block-botones-mini has-text-align-left columnas-botones-0\">\n        \n<div id=\"wp-block-boton-mini-block_1ff5b2e5e0bdc6a98d50fa1781cab018\" class=\"wp-block-boton-mini\">\n       <a id=\"boton_493\" href=\"https:\/\/triggle.app\/vIPQp0gO\" class=\"boton-texto\" target=\"_blank\" data-gallery=\"boton_493\">\n       <span>RESERVA<\/span>\n       <em><\/em>\n       <\/a>\n<\/div>\n\n\n\n<\/div>\n        <\/div>\n<\/div>\n<div class=\"wp-block-group alignfull map-container is-layout-flow wp-block-group-is-layout-flow\" id=\"mapa-ruta\">\n<iframe src=\"https:\/\/www.google.com\/maps\/embed?pb=!1m18!1m12!1m3!1d3007.5728717909114!2d1.1364167766571394!3d41.078328271340744!2m3!1f0!2f0!3f0!3m2!1i1024!2i768!4f13.1!3m3!1m2!1s0x12a15a2b98c7cb5d%3A0xb890f76f3b4cf151!2sLa%20Siesta%20Salou%20Resort%20%26%20Camping!5e0!3m2!1ses!2ses!4v1738253327305!5m2!1ses!2ses\" width=\"600\" height=\"650\" style=\"border:0;\" allowfullscreen=\"\" loading=\"lazy\" referrerpolicy=\"no-referrer-when-downgrade\"><\/iframe>\n<\/div>\n\n<p><\/p>\n","protected":false},"excerpt":{"rendered":"","protected":false},"author":1,"featured_media":0,"parent":0,"menu_order":6,"comment_status":"closed","ping_status":"closed","template":"","meta":{"_acf_changed":false,"inline_featured_image":false,"footnotes":""},"class_list":["post-5145","page","type-page","status-publish","hentry"],"acf":[],"yoast_head":"<!-- This site is optimized with the Yoast SEO plugin v26.8 - https:\/\/yoast.com\/product\/yoast-seo-wordpress\/ -->\n<title>Com arribar a La Siesta Salou Resort &amp; C\u00e0mping<\/title>\n<meta name=\"description\" content=\"Troba la millor ruta per arribar a La Siesta Resort a Salou. Et guiem pas a pas perqu\u00e8 comencis les vacances sense complicacions. Entra per saber com arribar-hi!\" \/>\n<meta name=\"robots\" content=\"index, follow, max-snippet:-1, max-image-preview:large, max-video-preview:-1\" \/>\n<link rel=\"canonical\" href=\"https:\/\/www.camping-lasiesta.com\/ca\/com-arribar\/\" \/>\n<meta property=\"og:locale\" content=\"ca_ES\" \/>\n<meta property=\"og:type\" content=\"article\" \/>\n<meta property=\"og:title\" content=\"Com arribar a La Siesta Salou Resort &amp; C\u00e0mping\" \/>\n<meta property=\"og:description\" content=\"Troba la millor ruta per arribar a La Siesta Resort a Salou. Et guiem pas a pas perqu\u00e8 comencis les vacances sense complicacions. Entra per saber com arribar-hi!\" \/>\n<meta property=\"og:url\" content=\"https:\/\/www.camping-lasiesta.com\/ca\/com-arribar\/\" \/>\n<meta property=\"og:site_name\" content=\"La Siesta Salou Resort &amp; Camping\" \/>\n<meta property=\"article:publisher\" content=\"https:\/\/www.facebook.com\/LaSiestaSalou\" \/>\n<meta property=\"article:modified_time\" content=\"2025-05-15T09:49:53+00:00\" \/>\n<meta property=\"og:image\" content=\"https:\/\/www.camping-lasiesta.com\/wp-content\/uploads\/entrada-recepcion-la-siesta.jpg\" \/>\n<meta name=\"twitter:card\" content=\"summary_large_image\" \/>\n<meta name=\"twitter:label1\" content=\"Temps estimat de lectura\" \/>\n\t<meta name=\"twitter:data1\" content=\"1 minut\" \/>\n<script type=\"application\/ld+json\" class=\"yoast-schema-graph\">{\"@context\":\"https:\/\/schema.org\",\"@graph\":[{\"@type\":\"WebPage\",\"@id\":\"https:\/\/www.camping-lasiesta.com\/ca\/com-arribar\/\",\"url\":\"https:\/\/www.camping-lasiesta.com\/ca\/com-arribar\/\",\"name\":\"Com arribar a La Siesta Salou Resort & C\u00e0mping\",\"isPartOf\":{\"@id\":\"https:\/\/www.camping-lasiesta.com\/ca\/#website\"},\"primaryImageOfPage\":{\"@id\":\"https:\/\/www.camping-lasiesta.com\/ca\/com-arribar\/#primaryimage\"},\"image\":{\"@id\":\"https:\/\/www.camping-lasiesta.com\/ca\/com-arribar\/#primaryimage\"},\"thumbnailUrl\":\"https:\/\/www.camping-lasiesta.com\/wp-content\/uploads\/entrada-recepcion-la-siesta.jpg\",\"datePublished\":\"2021-07-21T08:32:47+00:00\",\"dateModified\":\"2025-05-15T09:49:53+00:00\",\"description\":\"Troba la millor ruta per arribar a La Siesta Resort a Salou. Et guiem pas a pas perqu\u00e8 comencis les vacances sense complicacions. Entra per saber com arribar-hi!\",\"breadcrumb\":{\"@id\":\"https:\/\/www.camping-lasiesta.com\/ca\/com-arribar\/#breadcrumb\"},\"inLanguage\":\"ca\",\"potentialAction\":[{\"@type\":\"ReadAction\",\"target\":[\"https:\/\/www.camping-lasiesta.com\/ca\/com-arribar\/\"]}]},{\"@type\":\"ImageObject\",\"inLanguage\":\"ca\",\"@id\":\"https:\/\/www.camping-lasiesta.com\/ca\/com-arribar\/#primaryimage\",\"url\":\"https:\/\/www.camping-lasiesta.com\/wp-content\/uploads\/entrada-recepcion-la-siesta.jpg\",\"contentUrl\":\"https:\/\/www.camping-lasiesta.com\/wp-content\/uploads\/entrada-recepcion-la-siesta.jpg\"},{\"@type\":\"BreadcrumbList\",\"@id\":\"https:\/\/www.camping-lasiesta.com\/ca\/com-arribar\/#breadcrumb\",\"itemListElement\":[{\"@type\":\"ListItem\",\"position\":1,\"name\":\"Portada\",\"item\":\"https:\/\/www.camping-lasiesta.com\/ca\/\"},{\"@type\":\"ListItem\",\"position\":2,\"name\":\"Com arribar\"}]},{\"@type\":\"WebSite\",\"@id\":\"https:\/\/www.camping-lasiesta.com\/ca\/#website\",\"url\":\"https:\/\/www.camping-lasiesta.com\/ca\/\",\"name\":\"La Siesta Salou Resort & Camping\",\"description\":\"La Siesta Salou, un resort familiar en el centro de Salou y a 400m de la playa\",\"publisher\":{\"@id\":\"https:\/\/www.camping-lasiesta.com\/ca\/#organization\"},\"alternateName\":\"La Siesta Salou\",\"potentialAction\":[{\"@type\":\"SearchAction\",\"target\":{\"@type\":\"EntryPoint\",\"urlTemplate\":\"https:\/\/www.camping-lasiesta.com\/ca\/?s={search_term_string}\"},\"query-input\":{\"@type\":\"PropertyValueSpecification\",\"valueRequired\":true,\"valueName\":\"search_term_string\"}}],\"inLanguage\":\"ca\"},{\"@type\":\"Organization\",\"@id\":\"https:\/\/www.camping-lasiesta.com\/ca\/#organization\",\"name\":\"La Siesta Salou Resort & Camping\",\"alternateName\":\"La Siesta Salou\",\"url\":\"https:\/\/www.camping-lasiesta.com\/ca\/\",\"logo\":{\"@type\":\"ImageObject\",\"inLanguage\":\"ca\",\"@id\":\"https:\/\/www.camping-lasiesta.com\/ca\/#\/schema\/logo\/image\/\",\"url\":\"https:\/\/www.camping-lasiesta.com\/wp-content\/uploads\/cropped-favicon-min.png\",\"contentUrl\":\"https:\/\/www.camping-lasiesta.com\/wp-content\/uploads\/cropped-favicon-min.png\",\"width\":512,\"height\":512,\"caption\":\"La Siesta Salou Resort & Camping\"},\"image\":{\"@id\":\"https:\/\/www.camping-lasiesta.com\/ca\/#\/schema\/logo\/image\/\"},\"sameAs\":[\"https:\/\/www.facebook.com\/LaSiestaSalou\",\"https:\/\/www.instagram.com\/lasiestasalou\/\",\"https:\/\/www.youtube.com\/c\/LaSiestaSalouResortCamping\",\"https:\/\/www.tiktok.com\/@lasiestasalou\"]}]}<\/script>\n<!-- \/ Yoast SEO plugin. -->","yoast_head_json":{"title":"Com arribar a La Siesta Salou Resort & C\u00e0mping","description":"Troba la millor ruta per arribar a La Siesta Resort a Salou. Et guiem pas a pas perqu\u00e8 comencis les vacances sense complicacions. Entra per saber com arribar-hi!","robots":{"index":"index","follow":"follow","max-snippet":"max-snippet:-1","max-image-preview":"max-image-preview:large","max-video-preview":"max-video-preview:-1"},"canonical":"https:\/\/www.camping-lasiesta.com\/ca\/com-arribar\/","og_locale":"ca_ES","og_type":"article","og_title":"Com arribar a La Siesta Salou Resort & C\u00e0mping","og_description":"Troba la millor ruta per arribar a La Siesta Resort a Salou. Et guiem pas a pas perqu\u00e8 comencis les vacances sense complicacions. Entra per saber com arribar-hi!","og_url":"https:\/\/www.camping-lasiesta.com\/ca\/com-arribar\/","og_site_name":"La Siesta Salou Resort &amp; Camping","article_publisher":"https:\/\/www.facebook.com\/LaSiestaSalou","article_modified_time":"2025-05-15T09:49:53+00:00","og_image":[{"url":"https:\/\/www.camping-lasiesta.com\/wp-content\/uploads\/entrada-recepcion-la-siesta.jpg","type":"","width":"","height":""}],"twitter_card":"summary_large_image","twitter_misc":{"Temps estimat de lectura":"1 minut"},"schema":{"@context":"https:\/\/schema.org","@graph":[{"@type":"WebPage","@id":"https:\/\/www.camping-lasiesta.com\/ca\/com-arribar\/","url":"https:\/\/www.camping-lasiesta.com\/ca\/com-arribar\/","name":"Com arribar a La Siesta Salou Resort & C\u00e0mping","isPartOf":{"@id":"https:\/\/www.camping-lasiesta.com\/ca\/#website"},"primaryImageOfPage":{"@id":"https:\/\/www.camping-lasiesta.com\/ca\/com-arribar\/#primaryimage"},"image":{"@id":"https:\/\/www.camping-lasiesta.com\/ca\/com-arribar\/#primaryimage"},"thumbnailUrl":"https:\/\/www.camping-lasiesta.com\/wp-content\/uploads\/entrada-recepcion-la-siesta.jpg","datePublished":"2021-07-21T08:32:47+00:00","dateModified":"2025-05-15T09:49:53+00:00","description":"Troba la millor ruta per arribar a La Siesta Resort a Salou. Et guiem pas a pas perqu\u00e8 comencis les vacances sense complicacions. Entra per saber com arribar-hi!","breadcrumb":{"@id":"https:\/\/www.camping-lasiesta.com\/ca\/com-arribar\/#breadcrumb"},"inLanguage":"ca","potentialAction":[{"@type":"ReadAction","target":["https:\/\/www.camping-lasiesta.com\/ca\/com-arribar\/"]}]},{"@type":"ImageObject","inLanguage":"ca","@id":"https:\/\/www.camping-lasiesta.com\/ca\/com-arribar\/#primaryimage","url":"https:\/\/www.camping-lasiesta.com\/wp-content\/uploads\/entrada-recepcion-la-siesta.jpg","contentUrl":"https:\/\/www.camping-lasiesta.com\/wp-content\/uploads\/entrada-recepcion-la-siesta.jpg"},{"@type":"BreadcrumbList","@id":"https:\/\/www.camping-lasiesta.com\/ca\/com-arribar\/#breadcrumb","itemListElement":[{"@type":"ListItem","position":1,"name":"Portada","item":"https:\/\/www.camping-lasiesta.com\/ca\/"},{"@type":"ListItem","position":2,"name":"Com arribar"}]},{"@type":"WebSite","@id":"https:\/\/www.camping-lasiesta.com\/ca\/#website","url":"https:\/\/www.camping-lasiesta.com\/ca\/","name":"La Siesta Salou Resort & Camping","description":"La Siesta Salou, un resort familiar en el centro de Salou y a 400m de la playa","publisher":{"@id":"https:\/\/www.camping-lasiesta.com\/ca\/#organization"},"alternateName":"La Siesta Salou","potentialAction":[{"@type":"SearchAction","target":{"@type":"EntryPoint","urlTemplate":"https:\/\/www.camping-lasiesta.com\/ca\/?s={search_term_string}"},"query-input":{"@type":"PropertyValueSpecification","valueRequired":true,"valueName":"search_term_string"}}],"inLanguage":"ca"},{"@type":"Organization","@id":"https:\/\/www.camping-lasiesta.com\/ca\/#organization","name":"La Siesta Salou Resort & Camping","alternateName":"La Siesta Salou","url":"https:\/\/www.camping-lasiesta.com\/ca\/","logo":{"@type":"ImageObject","inLanguage":"ca","@id":"https:\/\/www.camping-lasiesta.com\/ca\/#\/schema\/logo\/image\/","url":"https:\/\/www.camping-lasiesta.com\/wp-content\/uploads\/cropped-favicon-min.png","contentUrl":"https:\/\/www.camping-lasiesta.com\/wp-content\/uploads\/cropped-favicon-min.png","width":512,"height":512,"caption":"La Siesta Salou Resort & Camping"},"image":{"@id":"https:\/\/www.camping-lasiesta.com\/ca\/#\/schema\/logo\/image\/"},"sameAs":["https:\/\/www.facebook.com\/LaSiestaSalou","https:\/\/www.instagram.com\/lasiestasalou\/","https:\/\/www.youtube.com\/c\/LaSiestaSalouResortCamping","https:\/\/www.tiktok.com\/@lasiestasalou"]}]}},"_links":{"self":[{"href":"https:\/\/www.camping-lasiesta.com\/ca\/wp-json\/wp\/v2\/pages\/5145","targetHints":{"allow":["GET"]}}],"collection":[{"href":"https:\/\/www.camping-lasiesta.com\/ca\/wp-json\/wp\/v2\/pages"}],"about":[{"href":"https:\/\/www.camping-lasiesta.com\/ca\/wp-json\/wp\/v2\/types\/page"}],"author":[{"embeddable":true,"href":"https:\/\/www.camping-lasiesta.com\/ca\/wp-json\/wp\/v2\/users\/1"}],"replies":[{"embeddable":true,"href":"https:\/\/www.camping-lasiesta.com\/ca\/wp-json\/wp\/v2\/comments?post=5145"}],"version-history":[{"count":11,"href":"https:\/\/www.camping-lasiesta.com\/ca\/wp-json\/wp\/v2\/pages\/5145\/revisions"}],"predecessor-version":[{"id":27376,"href":"https:\/\/www.camping-lasiesta.com\/ca\/wp-json\/wp\/v2\/pages\/5145\/revisions\/27376"}],"wp:attachment":[{"href":"https:\/\/www.camping-lasiesta.com\/ca\/wp-json\/wp\/v2\/media?parent=5145"}],"curies":[{"name":"wp","href":"https:\/\/api.w.org\/{rel}","templated":true}]}}