{"id":25460,"date":"2025-01-13T13:43:26","date_gmt":"2025-01-13T12:43:26","guid":{"rendered":"https:\/\/www.camping-lasiesta.com\/port-aventura-la-siesta\/"},"modified":"2025-01-13T13:43:27","modified_gmt":"2025-01-13T12:43:27","slug":"port-aventura-la-siesta","status":"publish","type":"page","link":"https:\/\/www.camping-lasiesta.com\/de\/port-aventura-la-siesta\/","title":{"rendered":"Port Aventura \n&#038; La Siesta"},"content":{"rendered":"<div id=\"wp-block-cabecera-pagina-block_84ed6aaca710430347cf3789dc7d243d\" class=\"wp-block-cabecera-pagina alignfull has-icons-align-left\">\n        \n\n<div class=\"wp-block-cover alignfull is-light\" style=\"min-height:100vh;aspect-ratio:unset;\"><span aria-hidden=\"true\" class=\"wp-block-cover__background has-background-dim-10 has-background-dim\"><\/span><img loading=\"lazy\" decoding=\"async\" width=\"1200\" height=\"800\" class=\"wp-block-cover__image-background wp-image-20864\" alt=\"\" src=\"https:\/\/www.camping-lasiesta.com\/wp-content\/uploads\/oferta-portaventura-lasiesta.webp\" data-object-fit=\"cover\" srcset=\"https:\/\/www.camping-lasiesta.com\/wp-content\/uploads\/oferta-portaventura-lasiesta.webp 1200w, https:\/\/www.camping-lasiesta.com\/wp-content\/uploads\/oferta-portaventura-lasiesta-1024x683.webp 1024w, https:\/\/www.camping-lasiesta.com\/wp-content\/uploads\/oferta-portaventura-lasiesta-768x512.webp 768w, https:\/\/www.camping-lasiesta.com\/wp-content\/uploads\/oferta-portaventura-lasiesta-900x600.webp 900w, https:\/\/www.camping-lasiesta.com\/wp-content\/uploads\/oferta-portaventura-lasiesta-600x400.webp 600w, https:\/\/www.camping-lasiesta.com\/wp-content\/uploads\/oferta-portaventura-lasiesta-450x300.webp 450w, https:\/\/www.camping-lasiesta.com\/wp-content\/uploads\/oferta-portaventura-lasiesta-225x150.webp 225w\" sizes=\"auto, (max-width: 1200px) 100vw, 1200px\" \/><div class=\"wp-block-cover__inner-container is-layout-flow wp-block-cover-is-layout-flow\">\n<div class=\"wp-block-group is-vertical is-content-justification-center is-layout-flex wp-container-core-group-is-layout-4b2eccd6 wp-block-group-is-layout-flex\"><h1 class=\"has-text-align-center wp-block-post-title has-text-color has-blank-4-white-color\">Port Aventura \n&#038; La Siesta<\/h1>\n\n<div id=\"wp-block-boton-mini-block_f48b056c8149daa2d80f17f9b58ce5cf\" class=\"wp-block-boton-mini\">\n       <a id=\"boton_854\" href=\"#\" class=\"boton-galeria\" target=\"_self\" data-gallery=\"boton_854\">\n       <span>Galerie<\/span>\n       <em><\/em>\n       <\/a>\n<\/div>\n\n\n    <script>\n        const boton_854 = GLightbox({\n            elements: [\n\n                                {\n                    'href': 'https:\/\/www.camping-lasiesta.com\/wp-content\/uploads\/pap-mex-atr-hur-onr-0615-010-copia-1900x1072.webp',\n                    'type': 'image'\n                },\n                                {\n                    'href': 'https:\/\/www.camping-lasiesta.com\/wp-content\/uploads\/oferta-portaventura-lasiesta.webp',\n                    'type': 'image'\n                },\n                                {\n                    'href': 'https:\/\/www.camping-lasiesta.com\/wp-content\/uploads\/pap-ch-atr-ang-ext-0915-011-1900x1193.jpg',\n                    'type': 'image'\n                },\n                                {\n                    'href': 'https:\/\/www.camping-lasiesta.com\/wp-content\/uploads\/pap-sa-pano-none-diu-0915-014-1842x1200.jpg',\n                    'type': 'image'\n                },\n                                {\n                    'href': 'https:\/\/www.camping-lasiesta.com\/wp-content\/uploads\/pap-pol-atr-can-onr-0615-011-1799x1200.jpg',\n                    'type': 'image'\n                },\n                                {\n                    'href': 'https:\/\/www.camping-lasiesta.com\/wp-content\/uploads\/pap-med-atr-fb-onr-0615-010-1823x1200.jpg',\n                    'type': 'image'\n                },\n                                {\n                    'href': 'https:\/\/www.camping-lasiesta.com\/wp-content\/uploads\/fl-zu-atr-cp-onr-0619-002-1800x1200.jpg',\n                    'type': 'image'\n                },\n                                {\n                    'href': 'https:\/\/www.camping-lasiesta.com\/wp-content\/uploads\/fl-zu-atr-tow-onr-0917-001-med-1800x1200.jpg',\n                    'type': 'image'\n                },\n                                {\n                    'href': 'https:\/\/www.camping-lasiesta.com\/wp-content\/uploads\/fl-zu-atr-red-onr-0917-004-v2-1600x1200.jpg',\n                    'type': 'image'\n                },\n                            ],\n            loop: true\n        });\n\n        var boto = document.getElementById('boton_854');\n\n        boto.addEventListener('click', function (event) {\n            event.preventDefault();\n            boton_854.open();\n            \n        });\n\n    <\/script>\n\n\n<\/div>\n<\/div><\/div>\n\n<\/div>\n\n<p class=\"has-text-align-center is-style-titulo-alojamiento\" style=\"margin-top:4rem;margin-bottom:0px\">ENTDECKEN SIE <strong>PORT AVENTURA WORLD<\/strong><\/p>\n\n<p class=\"has-text-align-center\" style=\"margin-bottom:4rem;font-size:22px\">Genie\u00dfen Sie mit der Familie oder Freunden einen der gr\u00f6\u00dften Themenparks Europas<\/p>\n\n<p class=\"has-text-align-left\">La Siesta Salou Resort &amp; Camping l\u00e4dt Sie ein, die magische Welt von Port Aventura World \u00fcber unsere <strong>drei verschiedene Angebote f\u00fcr Eintritt + \u00dcbernachtung kennenzulernen:<\/strong><\/p>\n\n<p class=\"has-text-align-left\" style=\"margin-bottom:2rem\">Sie k\u00f6nnen die Option der Tickets f\u00fcr Port Aventura + Ferrari Land f\u00fcr <strong>1 Tag<\/strong>, <strong>2 Tage<\/strong> oder <strong>3 Tage<\/strong> w\u00e4hlen (siehe Bedingungen unter www.portaventuraworld.com). <strong>Alle Angebote beinhalten Unterkunft<\/strong> in Apartment, Bungalow oder Mobil Home sowie t\u00e4gliches <strong>Fr\u00fchst\u00fcck<\/strong> an unserem Buffet.<\/p>\n\n<p class=\"has-blank-4-blue-2-color has-text-color\" style=\"margin-bottom:2rem\"><strong>W\u00c4HLEN SIE IHRE OPTION DES EINTRITTS + UNTERKUNFT:<\/strong><\/p>\n\n<div class=\"wp-block-buttons is-content-justification-center is-layout-flex wp-container-core-buttons-is-layout-a6452231 wp-block-buttons-is-layout-flex\" style=\"margin-bottom:3rem\">\n<div class=\"wp-block-button button-arrow-right\" style=\"text-transform:uppercase\"><a class=\"wp-block-button__link has-blank-4-blue-2-background-color has-background wp-element-button\" href=\"https:\/\/booking.camping-lasiesta.com\/search?categoryIds=9&amp;lang=es\" target=\"_blank\" rel=\"noreferrer noopener\">Eintritt f\u00fcr 1 Tag<\/a><\/div>\n\n\n\n<div class=\"wp-block-button button-arrow-right\" style=\"text-transform:uppercase\"><a class=\"wp-block-button__link has-blank-4-blue-2-background-color has-background wp-element-button\" href=\"https:\/\/booking.camping-lasiesta.com\/search?categoryIds=10&amp;lang=es\" target=\"_blank\" rel=\"noreferrer noopener\">Eintritt f\u00fcr 2 Tage<\/a><\/div>\n\n\n\n<div class=\"wp-block-button button-arrow-right\" style=\"text-transform:uppercase\"><a class=\"wp-block-button__link has-blank-4-blue-2-background-color has-background wp-element-button\" href=\"https:\/\/booking.camping-lasiesta.com\/search?categoryIds=37&amp;lang=es\" target=\"_blank\" rel=\"noreferrer noopener\">Eintritt f\u00fcr 3 Tage<\/a><\/div>\n<\/div>\n\n<div class=\"wp-block-cover alignwide is-light has-custom-content-position is-position-center-right port-cover\" style=\"margin-bottom:4rem\"><span aria-hidden=\"true\" class=\"wp-block-cover__background has-background-dim-10 has-background-dim\"><\/span><img loading=\"lazy\" decoding=\"async\" width=\"2048\" height=\"1155\" class=\"wp-block-cover__image-background wp-image-20878\" alt=\"\" src=\"https:\/\/www.camping-lasiesta.com\/wp-content\/uploads\/pap-mex-atr-hur-onr-0615-010-copia.webp\" data-object-fit=\"cover\" srcset=\"https:\/\/www.camping-lasiesta.com\/wp-content\/uploads\/pap-mex-atr-hur-onr-0615-010-copia.webp 2048w, https:\/\/www.camping-lasiesta.com\/wp-content\/uploads\/pap-mex-atr-hur-onr-0615-010-copia-1024x578.webp 1024w, https:\/\/www.camping-lasiesta.com\/wp-content\/uploads\/pap-mex-atr-hur-onr-0615-010-copia-768x433.webp 768w, https:\/\/www.camping-lasiesta.com\/wp-content\/uploads\/pap-mex-atr-hur-onr-0615-010-copia-1536x866.webp 1536w, https:\/\/www.camping-lasiesta.com\/wp-content\/uploads\/pap-mex-atr-hur-onr-0615-010-copia-1900x1072.webp 1900w, https:\/\/www.camping-lasiesta.com\/wp-content\/uploads\/pap-mex-atr-hur-onr-0615-010-copia-600x338.webp 600w\" sizes=\"auto, (max-width: 2048px) 100vw, 2048px\" \/><div class=\"wp-block-cover__inner-container is-layout-flow wp-block-cover-is-layout-flow\">\n<div class=\"wp-block-group has-blank-4-white-background-color has-background is-layout-constrained wp-container-core-group-is-layout-2ca00496 wp-block-group-is-layout-constrained\" style=\"padding-top:var(--wp--preset--spacing--60);padding-right:var(--wp--preset--spacing--60);padding-bottom:var(--wp--preset--spacing--60);padding-left:var(--wp--preset--spacing--60)\">\n<div class=\"wp-block-group is-content-justification-center is-nowrap is-layout-flex wp-container-core-group-is-layout-530fe3c9 wp-block-group-is-layout-flex\" style=\"padding-top:0px;padding-right:0px;padding-bottom:0px;padding-left:0px\">\n<figure class=\"wp-block-image size-large\"><img loading=\"lazy\" decoding=\"async\" width=\"145\" height=\"65\" src=\"https:\/\/www.camping-lasiesta.com\/wp-content\/uploads\/lasiestasalou-logo.png\" alt=\"\" class=\"wp-image-1714\"\/><\/figure>\n\n\n\n<figure class=\"wp-block-image size-full is-resized\"><img decoding=\"async\" src=\"https:\/\/www.camping-lasiesta.com\/wp-content\/uploads\/portaventura-world-color-fondo-claro.png\" alt=\"\" class=\"wp-image-20883\" width=\"145\" srcset=\"https:\/\/www.camping-lasiesta.com\/wp-content\/uploads\/portaventura-world-color-fondo-claro.png 1655w, https:\/\/www.camping-lasiesta.com\/wp-content\/uploads\/portaventura-world-color-fondo-claro-1024x1024.png 1024w, https:\/\/www.camping-lasiesta.com\/wp-content\/uploads\/portaventura-world-color-fondo-claro-200x200.png 200w, https:\/\/www.camping-lasiesta.com\/wp-content\/uploads\/portaventura-world-color-fondo-claro-768x768.png 768w, https:\/\/www.camping-lasiesta.com\/wp-content\/uploads\/portaventura-world-color-fondo-claro-1536x1536.png 1536w, https:\/\/www.camping-lasiesta.com\/wp-content\/uploads\/portaventura-world-color-fondo-claro-1201x1200.png 1201w, https:\/\/www.camping-lasiesta.com\/wp-content\/uploads\/portaventura-world-color-fondo-claro-600x600.png 600w\" sizes=\"(max-width: 1655px) 100vw, 1655px\" \/><\/figure>\n<\/div>\n\n\n\n<p class=\"has-text-align-center is-style-sobre-titulo has-blank-4-blue-2-color has-text-color\"><strong>SONDERANGEBOT<\/strong><\/p>\n\n\n\n<h2 class=\"wp-block-heading has-text-align-center is-style-sobre-titulo is-style-no-margin-h has-x-large-font-size\"><strong>PORT AVENTURA<\/strong><\/h2>\n\n\n\n<ul class=\"wp-block-list\" style=\"margin-top:1.5rem\">\n<li>Aufenthalt in ausgew\u00e4hltem Apartment, Bungalow oder Mobil Home<\/li>\n\n\n\n<li>Freies Fr\u00fchst\u00fccksbuffet<\/li>\n\n\n\n<li>Kostenloser Parkplatz, rund um die Uhr bewacht<\/li>\n\n\n\n<li>Gratis-WLAN<\/li>\n\n\n\n<li>Bettw\u00e4sche und Handt\u00fccher inklusive<\/li>\n<\/ul>\n\n\n\n<p style=\"margin-bottom:1rem\">Warten Sie nicht l\u00e4nger und reservieren Sie jetzt!<\/p>\n\n\n\n<div class=\"wp-block-buttons is-content-justification-center is-layout-flex wp-container-core-buttons-is-layout-d469d150 wp-block-buttons-is-layout-flex\" style=\"margin-bottom:2rem\">\n<div class=\"wp-block-button button-arrow-right\"><a class=\"wp-block-button__link has-blank-4-blue-2-background-color has-background wp-element-button\" href=\"https:\/\/booking.camping-lasiesta.com\/search?categoryIds=9,10,37\" target=\"_blank\" rel=\"noreferrer noopener\">RESERVIERUNG<\/a><\/div>\n<\/div>\n<\/div>\n<\/div><\/div>\n\n<h4 class=\"wp-block-heading has-text-align-center hide has-blank-4-blue-2-color has-text-color\" style=\"margin-bottom:2rem\"><strong>Verpassen Sie nicht unsere unwiderstehlichen Angebote<\/strong><\/h4>\n<div id=\"wp-block-slider-promociones-block_b0ab5c4827c490d02f2ad91bf9238edc\" class=\"wp-block-slider-promociones port-promo-slider hide\">\n\n\n                                                    <div class=\"splide slider-promos-logos\">\n                    <div class=\"splide__arrows\">\n                        <button class=\"splide__arrow link-ico splide__arrow--prev\"><\/button>\n                        <button class=\"splide__arrow link-ico splide__arrow--next\"><\/button>\n                    <\/div>\n                        <div class=\"splide__track\">\n                            <div class=\"splide__list\">\n                                                                                                <div class=\"splide__slide\">\n                                <img loading=\"lazy\" decoding=\"async\" width=\"84\" height=\"81\" src=\"https:\/\/www.camping-lasiesta.com\/wp-content\/uploads\/logo-portaventura-1.png\" class=\"attachment-mobile size-mobile\" alt=\"\" \/>                                <\/div>\n                                                                                                <div class=\"splide__slide\">\n                                <img loading=\"lazy\" decoding=\"async\" width=\"200\" height=\"175\" src=\"https:\/\/www.camping-lasiesta.com\/wp-content\/uploads\/logo-el-bohio.jpg\" class=\"attachment-mobile size-mobile\" alt=\"\" \/>                                <\/div>\n                                                                                                <div class=\"splide__slide\">\n                                <img loading=\"lazy\" decoding=\"async\" width=\"317\" height=\"206\" src=\"https:\/\/www.camping-lasiesta.com\/wp-content\/uploads\/logo-aquopolis-costa-dorada.png\" class=\"attachment-mobile size-mobile\" alt=\"\" \/>                                <\/div>\n                                \n                            <\/div>\n                        <\/div>\n                    <\/div>\n                    <script>\n                        var secondarySlider = new Splide( '.slider-promos-logos' , {\n                                type   : 'loop',\n                                perPage: 4,\n                                breakpoints: {\n                                    600: {\n                                        perPage: 3,\n                                    },\n                                },\n                                isNavigation: true,\n                                pagination: false,\n                            } ).mount();\n                    <\/script>\n                           \n<\/div>","protected":false},"excerpt":{"rendered":"<p>ENTDECKEN SIE PORT AVENTURA WORLD Genie\u00dfen Sie mit der Familie oder Freunden einen der gr\u00f6\u00dften Themenparks Europas La Siesta Salou Resort &amp; Camping l\u00e4dt Sie&#8230;<\/p>\n","protected":false},"author":1,"featured_media":0,"parent":0,"menu_order":4,"comment_status":"closed","ping_status":"closed","template":"","meta":{"_acf_changed":false,"inline_featured_image":false,"footnotes":""},"class_list":["post-25460","page","type-page","status-publish","hentry"],"acf":[],"yoast_head":"<!-- This site is optimized with the Yoast SEO plugin v26.8 - https:\/\/yoast.com\/product\/yoast-seo-wordpress\/ -->\n<title>Port Aventura &amp; La Siesta | La Siesta Salou Resort &amp; Camping<\/title>\n<meta name=\"robots\" content=\"index, follow, max-snippet:-1, max-image-preview:large, max-video-preview:-1\" \/>\n<link rel=\"canonical\" href=\"https:\/\/www.camping-lasiesta.com\/de\/port-aventura-la-siesta\/\" \/>\n<meta property=\"og:locale\" content=\"de_DE\" \/>\n<meta property=\"og:type\" content=\"article\" \/>\n<meta property=\"og:title\" content=\"Port Aventura &amp; La Siesta | La Siesta Salou Resort &amp; Camping\" \/>\n<meta property=\"og:description\" content=\"ENTDECKEN SIE PORT AVENTURA WORLD Genie\u00dfen Sie mit der Familie oder Freunden einen der gr\u00f6\u00dften Themenparks Europas La Siesta Salou Resort &amp; Camping l\u00e4dt Sie...\" \/>\n<meta property=\"og:url\" content=\"https:\/\/www.camping-lasiesta.com\/de\/port-aventura-la-siesta\/\" \/>\n<meta property=\"og:site_name\" content=\"La Siesta Salou Resort &amp; Camping\" \/>\n<meta property=\"article:publisher\" content=\"https:\/\/www.facebook.com\/LaSiestaSalou\" \/>\n<meta property=\"article:modified_time\" content=\"2025-01-13T12:43:27+00:00\" \/>\n<meta property=\"og:image\" content=\"https:\/\/www.camping-lasiesta.com\/wp-content\/uploads\/oferta-portaventura-lasiesta.webp\" \/>\n<meta name=\"twitter:card\" content=\"summary_large_image\" \/>\n<meta name=\"twitter:label1\" content=\"Gesch\u00e4tzte Lesezeit\" \/>\n\t<meta name=\"twitter:data1\" content=\"1\u00a0Minute\" \/>\n<script type=\"application\/ld+json\" class=\"yoast-schema-graph\">{\"@context\":\"https:\/\/schema.org\",\"@graph\":[{\"@type\":\"WebPage\",\"@id\":\"https:\/\/www.camping-lasiesta.com\/de\/port-aventura-la-siesta\/\",\"url\":\"https:\/\/www.camping-lasiesta.com\/de\/port-aventura-la-siesta\/\",\"name\":\"Port Aventura & La Siesta | La Siesta Salou Resort &amp; Camping\",\"isPartOf\":{\"@id\":\"https:\/\/www.camping-lasiesta.com\/de\/#website\"},\"primaryImageOfPage\":{\"@id\":\"https:\/\/www.camping-lasiesta.com\/de\/port-aventura-la-siesta\/#primaryimage\"},\"image\":{\"@id\":\"https:\/\/www.camping-lasiesta.com\/de\/port-aventura-la-siesta\/#primaryimage\"},\"thumbnailUrl\":\"https:\/\/www.camping-lasiesta.com\/wp-content\/uploads\/oferta-portaventura-lasiesta.webp\",\"datePublished\":\"2025-01-13T12:43:26+00:00\",\"dateModified\":\"2025-01-13T12:43:27+00:00\",\"breadcrumb\":{\"@id\":\"https:\/\/www.camping-lasiesta.com\/de\/port-aventura-la-siesta\/#breadcrumb\"},\"inLanguage\":\"de\",\"potentialAction\":[{\"@type\":\"ReadAction\",\"target\":[\"https:\/\/www.camping-lasiesta.com\/de\/port-aventura-la-siesta\/\"]}]},{\"@type\":\"ImageObject\",\"inLanguage\":\"de\",\"@id\":\"https:\/\/www.camping-lasiesta.com\/de\/port-aventura-la-siesta\/#primaryimage\",\"url\":\"https:\/\/www.camping-lasiesta.com\/wp-content\/uploads\/oferta-portaventura-lasiesta.webp\",\"contentUrl\":\"https:\/\/www.camping-lasiesta.com\/wp-content\/uploads\/oferta-portaventura-lasiesta.webp\"},{\"@type\":\"BreadcrumbList\",\"@id\":\"https:\/\/www.camping-lasiesta.com\/de\/port-aventura-la-siesta\/#breadcrumb\",\"itemListElement\":[{\"@type\":\"ListItem\",\"position\":1,\"name\":\"Portada\",\"item\":\"https:\/\/www.camping-lasiesta.com\/de\/\"},{\"@type\":\"ListItem\",\"position\":2,\"name\":\"Port Aventura &#038; La Siesta\"}]},{\"@type\":\"WebSite\",\"@id\":\"https:\/\/www.camping-lasiesta.com\/de\/#website\",\"url\":\"https:\/\/www.camping-lasiesta.com\/de\/\",\"name\":\"La Siesta Salou Resort & Camping\",\"description\":\"La Siesta Salou, un resort familiar en el centro de Salou y a 400m de la playa\",\"publisher\":{\"@id\":\"https:\/\/www.camping-lasiesta.com\/de\/#organization\"},\"alternateName\":\"La Siesta Salou\",\"potentialAction\":[{\"@type\":\"SearchAction\",\"target\":{\"@type\":\"EntryPoint\",\"urlTemplate\":\"https:\/\/www.camping-lasiesta.com\/de\/?s={search_term_string}\"},\"query-input\":{\"@type\":\"PropertyValueSpecification\",\"valueRequired\":true,\"valueName\":\"search_term_string\"}}],\"inLanguage\":\"de\"},{\"@type\":\"Organization\",\"@id\":\"https:\/\/www.camping-lasiesta.com\/de\/#organization\",\"name\":\"La Siesta Salou Resort & Camping\",\"alternateName\":\"La Siesta Salou\",\"url\":\"https:\/\/www.camping-lasiesta.com\/de\/\",\"logo\":{\"@type\":\"ImageObject\",\"inLanguage\":\"de\",\"@id\":\"https:\/\/www.camping-lasiesta.com\/de\/#\/schema\/logo\/image\/\",\"url\":\"https:\/\/www.camping-lasiesta.com\/wp-content\/uploads\/cropped-favicon-min.png\",\"contentUrl\":\"https:\/\/www.camping-lasiesta.com\/wp-content\/uploads\/cropped-favicon-min.png\",\"width\":512,\"height\":512,\"caption\":\"La Siesta Salou Resort & Camping\"},\"image\":{\"@id\":\"https:\/\/www.camping-lasiesta.com\/de\/#\/schema\/logo\/image\/\"},\"sameAs\":[\"https:\/\/www.facebook.com\/LaSiestaSalou\",\"https:\/\/www.instagram.com\/lasiestasalou\/\",\"https:\/\/www.youtube.com\/c\/LaSiestaSalouResortCamping\",\"https:\/\/www.tiktok.com\/@lasiestasalou\"]}]}<\/script>\n<!-- \/ Yoast SEO plugin. -->","yoast_head_json":{"title":"Port Aventura & La Siesta | La Siesta Salou Resort &amp; Camping","robots":{"index":"index","follow":"follow","max-snippet":"max-snippet:-1","max-image-preview":"max-image-preview:large","max-video-preview":"max-video-preview:-1"},"canonical":"https:\/\/www.camping-lasiesta.com\/de\/port-aventura-la-siesta\/","og_locale":"de_DE","og_type":"article","og_title":"Port Aventura & La Siesta | La Siesta Salou Resort &amp; Camping","og_description":"ENTDECKEN SIE PORT AVENTURA WORLD Genie\u00dfen Sie mit der Familie oder Freunden einen der gr\u00f6\u00dften Themenparks Europas La Siesta Salou Resort &amp; Camping l\u00e4dt Sie...","og_url":"https:\/\/www.camping-lasiesta.com\/de\/port-aventura-la-siesta\/","og_site_name":"La Siesta Salou Resort &amp; Camping","article_publisher":"https:\/\/www.facebook.com\/LaSiestaSalou","article_modified_time":"2025-01-13T12:43:27+00:00","og_image":[{"url":"https:\/\/www.camping-lasiesta.com\/wp-content\/uploads\/oferta-portaventura-lasiesta.webp","type":"","width":"","height":""}],"twitter_card":"summary_large_image","twitter_misc":{"Gesch\u00e4tzte Lesezeit":"1\u00a0Minute"},"schema":{"@context":"https:\/\/schema.org","@graph":[{"@type":"WebPage","@id":"https:\/\/www.camping-lasiesta.com\/de\/port-aventura-la-siesta\/","url":"https:\/\/www.camping-lasiesta.com\/de\/port-aventura-la-siesta\/","name":"Port Aventura & La Siesta | La Siesta Salou Resort &amp; Camping","isPartOf":{"@id":"https:\/\/www.camping-lasiesta.com\/de\/#website"},"primaryImageOfPage":{"@id":"https:\/\/www.camping-lasiesta.com\/de\/port-aventura-la-siesta\/#primaryimage"},"image":{"@id":"https:\/\/www.camping-lasiesta.com\/de\/port-aventura-la-siesta\/#primaryimage"},"thumbnailUrl":"https:\/\/www.camping-lasiesta.com\/wp-content\/uploads\/oferta-portaventura-lasiesta.webp","datePublished":"2025-01-13T12:43:26+00:00","dateModified":"2025-01-13T12:43:27+00:00","breadcrumb":{"@id":"https:\/\/www.camping-lasiesta.com\/de\/port-aventura-la-siesta\/#breadcrumb"},"inLanguage":"de","potentialAction":[{"@type":"ReadAction","target":["https:\/\/www.camping-lasiesta.com\/de\/port-aventura-la-siesta\/"]}]},{"@type":"ImageObject","inLanguage":"de","@id":"https:\/\/www.camping-lasiesta.com\/de\/port-aventura-la-siesta\/#primaryimage","url":"https:\/\/www.camping-lasiesta.com\/wp-content\/uploads\/oferta-portaventura-lasiesta.webp","contentUrl":"https:\/\/www.camping-lasiesta.com\/wp-content\/uploads\/oferta-portaventura-lasiesta.webp"},{"@type":"BreadcrumbList","@id":"https:\/\/www.camping-lasiesta.com\/de\/port-aventura-la-siesta\/#breadcrumb","itemListElement":[{"@type":"ListItem","position":1,"name":"Portada","item":"https:\/\/www.camping-lasiesta.com\/de\/"},{"@type":"ListItem","position":2,"name":"Port Aventura &#038; La Siesta"}]},{"@type":"WebSite","@id":"https:\/\/www.camping-lasiesta.com\/de\/#website","url":"https:\/\/www.camping-lasiesta.com\/de\/","name":"La Siesta Salou Resort & Camping","description":"La Siesta Salou, un resort familiar en el centro de Salou y a 400m de la playa","publisher":{"@id":"https:\/\/www.camping-lasiesta.com\/de\/#organization"},"alternateName":"La Siesta Salou","potentialAction":[{"@type":"SearchAction","target":{"@type":"EntryPoint","urlTemplate":"https:\/\/www.camping-lasiesta.com\/de\/?s={search_term_string}"},"query-input":{"@type":"PropertyValueSpecification","valueRequired":true,"valueName":"search_term_string"}}],"inLanguage":"de"},{"@type":"Organization","@id":"https:\/\/www.camping-lasiesta.com\/de\/#organization","name":"La Siesta Salou Resort & Camping","alternateName":"La Siesta Salou","url":"https:\/\/www.camping-lasiesta.com\/de\/","logo":{"@type":"ImageObject","inLanguage":"de","@id":"https:\/\/www.camping-lasiesta.com\/de\/#\/schema\/logo\/image\/","url":"https:\/\/www.camping-lasiesta.com\/wp-content\/uploads\/cropped-favicon-min.png","contentUrl":"https:\/\/www.camping-lasiesta.com\/wp-content\/uploads\/cropped-favicon-min.png","width":512,"height":512,"caption":"La Siesta Salou Resort & Camping"},"image":{"@id":"https:\/\/www.camping-lasiesta.com\/de\/#\/schema\/logo\/image\/"},"sameAs":["https:\/\/www.facebook.com\/LaSiestaSalou","https:\/\/www.instagram.com\/lasiestasalou\/","https:\/\/www.youtube.com\/c\/LaSiestaSalouResortCamping","https:\/\/www.tiktok.com\/@lasiestasalou"]}]}},"_links":{"self":[{"href":"https:\/\/www.camping-lasiesta.com\/de\/wp-json\/wp\/v2\/pages\/25460","targetHints":{"allow":["GET"]}}],"collection":[{"href":"https:\/\/www.camping-lasiesta.com\/de\/wp-json\/wp\/v2\/pages"}],"about":[{"href":"https:\/\/www.camping-lasiesta.com\/de\/wp-json\/wp\/v2\/types\/page"}],"author":[{"embeddable":true,"href":"https:\/\/www.camping-lasiesta.com\/de\/wp-json\/wp\/v2\/users\/1"}],"replies":[{"embeddable":true,"href":"https:\/\/www.camping-lasiesta.com\/de\/wp-json\/wp\/v2\/comments?post=25460"}],"version-history":[{"count":1,"href":"https:\/\/www.camping-lasiesta.com\/de\/wp-json\/wp\/v2\/pages\/25460\/revisions"}],"predecessor-version":[{"id":25471,"href":"https:\/\/www.camping-lasiesta.com\/de\/wp-json\/wp\/v2\/pages\/25460\/revisions\/25471"}],"wp:attachment":[{"href":"https:\/\/www.camping-lasiesta.com\/de\/wp-json\/wp\/v2\/media?parent=25460"}],"curies":[{"name":"wp","href":"https:\/\/api.w.org\/{rel}","templated":true}]}}