{"id":25535,"date":"2025-01-13T13:44:48","date_gmt":"2025-01-13T12:44:48","guid":{"rendered":"https:\/\/www.camping-lasiesta.com\/camagueey-speisekarte\/"},"modified":"2025-01-13T13:44:49","modified_gmt":"2025-01-13T12:44:49","slug":"camagueey-speisekarte","status":"publish","type":"page","link":"https:\/\/www.camping-lasiesta.com\/de\/camagueey-speisekarte\/","title":{"rendered":"Camag\u00fcey Speisekarte"},"content":{"rendered":"<div id=\"wp-block-cabecera-pagina-block_c8a859e98d34b15cc8aa151b2183f759\" class=\"wp-block-cabecera-pagina alignfull has-icons-align-left\">\n    <div class=\"sanefa-siguiente-wrapper\">\n                   \n                <div class=\"sanefa sanefa-2\"><\/div>\n                    <\/div>\n            \n\n<div class=\"wp-block-cover alignfull\" style=\"min-height:100vh;aspect-ratio:unset;\"><span aria-hidden=\"true\" class=\"wp-block-cover__background has-background-dim wp-block-cover__gradient-background has-background-gradient has-gradient-black-transparent-gradient-background\"><\/span><img decoding=\"async\" class=\"wp-block-cover__image-background wp-image-4669\" alt=\"Pollos a l'ast Camag\u00fcey\" src=\"https:\/\/www.camping-lasiesta.com\/wp-content\/uploads\/2023-06-08-0372-1.jpg\" style=\"object-position:18% 73%\" data-object-fit=\"cover\" data-object-position=\"18% 73%\"\/><div class=\"wp-block-cover__inner-container is-layout-flow wp-block-cover-is-layout-flow\">\n<h1 class=\"wp-block-heading has-text-align-center\">Camag\u00fcey Men\u00fc<\/h1>\n<\/div><\/div>\n\n<\/div>\n\n<div class=\"wp-block-group alignfull is-style-palmera-2-right is-layout-flow wp-block-group-is-layout-flow\">\n<h2 class=\"wp-block-heading has-text-align-center has-blank-4-blue-2-color has-text-color\">MEN\u00dc CAMAG\u00dcEY<\/h2>\n<\/div>\n\n<div class=\"wp-block-buttons is-horizontal is-content-justification-center is-layout-flex wp-container-core-buttons-is-layout-499968f5 wp-block-buttons-is-layout-flex\">\n<div class=\"wp-block-button\"><a class=\"wp-block-button__link has-blank-4-blue-2-background-color has-background wp-element-button\" href=\"https:\/\/www.camping-lasiesta.com\/wp-content\/uploads\/flyer-carta-camaguey-0325-es-ca.pdf\" target=\"_blank\" rel=\"noreferrer noopener\">ES-CA<\/a><\/div>\n\n\n\n<div class=\"wp-block-button\"><a class=\"wp-block-button__link has-blank-4-blue-2-background-color has-background wp-element-button\" href=\"https:\/\/www.camping-lasiesta.com\/wp-content\/uploads\/flyer-carta-camaguey-0325-en-fr-1.pdf\" target=\"_blank\" rel=\"noreferrer noopener\">FR-EN<\/a><\/div>\n<\/div>\n\n<p><\/p>\n","protected":false},"excerpt":{"rendered":"<p>MEN\u00dc CAMAG\u00dcEY<\/p>\n","protected":false},"author":1,"featured_media":0,"parent":0,"menu_order":29,"comment_status":"closed","ping_status":"closed","template":"","meta":{"_acf_changed":false,"inline_featured_image":false,"footnotes":""},"class_list":["post-25535","page","type-page","status-publish","hentry"],"acf":[],"yoast_head":"<!-- This site is optimized with the Yoast SEO plugin v26.8 - https:\/\/yoast.com\/product\/yoast-seo-wordpress\/ -->\n<title>Camag\u00fcey Speisekarte | La Siesta Salou Resort &amp; Camping<\/title>\n<meta name=\"robots\" content=\"index, follow, max-snippet:-1, max-image-preview:large, max-video-preview:-1\" \/>\n<link rel=\"canonical\" href=\"https:\/\/www.camping-lasiesta.com\/de\/camagueey-speisekarte\/\" \/>\n<meta property=\"og:locale\" content=\"de_DE\" \/>\n<meta property=\"og:type\" content=\"article\" \/>\n<meta property=\"og:title\" content=\"Camag\u00fcey Speisekarte | La Siesta Salou Resort &amp; Camping\" \/>\n<meta property=\"og:description\" content=\"MEN\u00dc CAMAG\u00dcEY\" \/>\n<meta property=\"og:url\" content=\"https:\/\/www.camping-lasiesta.com\/de\/camagueey-speisekarte\/\" \/>\n<meta property=\"og:site_name\" content=\"La Siesta Salou Resort &amp; Camping\" \/>\n<meta property=\"article:publisher\" content=\"https:\/\/www.facebook.com\/LaSiestaSalou\" \/>\n<meta property=\"article:modified_time\" content=\"2025-01-13T12:44:49+00:00\" \/>\n<meta property=\"og:image\" content=\"https:\/\/www.camping-lasiesta.com\/wp-content\/uploads\/2023-06-08-0372-1.jpg\" \/>\n<meta name=\"twitter:card\" content=\"summary_large_image\" \/>\n<script type=\"application\/ld+json\" class=\"yoast-schema-graph\">{\"@context\":\"https:\/\/schema.org\",\"@graph\":[{\"@type\":\"WebPage\",\"@id\":\"https:\/\/www.camping-lasiesta.com\/de\/camagueey-speisekarte\/\",\"url\":\"https:\/\/www.camping-lasiesta.com\/de\/camagueey-speisekarte\/\",\"name\":\"Camag\u00fcey Speisekarte | La Siesta Salou Resort &amp; Camping\",\"isPartOf\":{\"@id\":\"https:\/\/www.camping-lasiesta.com\/de\/#website\"},\"primaryImageOfPage\":{\"@id\":\"https:\/\/www.camping-lasiesta.com\/de\/camagueey-speisekarte\/#primaryimage\"},\"image\":{\"@id\":\"https:\/\/www.camping-lasiesta.com\/de\/camagueey-speisekarte\/#primaryimage\"},\"thumbnailUrl\":\"https:\/\/www.camping-lasiesta.com\/wp-content\/uploads\/2023-06-08-0372-1.jpg\",\"datePublished\":\"2025-01-13T12:44:48+00:00\",\"dateModified\":\"2025-01-13T12:44:49+00:00\",\"breadcrumb\":{\"@id\":\"https:\/\/www.camping-lasiesta.com\/de\/camagueey-speisekarte\/#breadcrumb\"},\"inLanguage\":\"de\",\"potentialAction\":[{\"@type\":\"ReadAction\",\"target\":[\"https:\/\/www.camping-lasiesta.com\/de\/camagueey-speisekarte\/\"]}]},{\"@type\":\"ImageObject\",\"inLanguage\":\"de\",\"@id\":\"https:\/\/www.camping-lasiesta.com\/de\/camagueey-speisekarte\/#primaryimage\",\"url\":\"https:\/\/www.camping-lasiesta.com\/wp-content\/uploads\/2023-06-08-0372-1.jpg\",\"contentUrl\":\"https:\/\/www.camping-lasiesta.com\/wp-content\/uploads\/2023-06-08-0372-1.jpg\"},{\"@type\":\"BreadcrumbList\",\"@id\":\"https:\/\/www.camping-lasiesta.com\/de\/camagueey-speisekarte\/#breadcrumb\",\"itemListElement\":[{\"@type\":\"ListItem\",\"position\":1,\"name\":\"Portada\",\"item\":\"https:\/\/www.camping-lasiesta.com\/de\/\"},{\"@type\":\"ListItem\",\"position\":2,\"name\":\"Camag\u00fcey Speisekarte\"}]},{\"@type\":\"WebSite\",\"@id\":\"https:\/\/www.camping-lasiesta.com\/de\/#website\",\"url\":\"https:\/\/www.camping-lasiesta.com\/de\/\",\"name\":\"La Siesta Salou Resort & Camping\",\"description\":\"La Siesta Salou, un resort familiar en el centro de Salou y a 400m de la playa\",\"publisher\":{\"@id\":\"https:\/\/www.camping-lasiesta.com\/de\/#organization\"},\"alternateName\":\"La Siesta Salou\",\"potentialAction\":[{\"@type\":\"SearchAction\",\"target\":{\"@type\":\"EntryPoint\",\"urlTemplate\":\"https:\/\/www.camping-lasiesta.com\/de\/?s={search_term_string}\"},\"query-input\":{\"@type\":\"PropertyValueSpecification\",\"valueRequired\":true,\"valueName\":\"search_term_string\"}}],\"inLanguage\":\"de\"},{\"@type\":\"Organization\",\"@id\":\"https:\/\/www.camping-lasiesta.com\/de\/#organization\",\"name\":\"La Siesta Salou Resort & Camping\",\"alternateName\":\"La Siesta Salou\",\"url\":\"https:\/\/www.camping-lasiesta.com\/de\/\",\"logo\":{\"@type\":\"ImageObject\",\"inLanguage\":\"de\",\"@id\":\"https:\/\/www.camping-lasiesta.com\/de\/#\/schema\/logo\/image\/\",\"url\":\"https:\/\/www.camping-lasiesta.com\/wp-content\/uploads\/cropped-favicon-min.png\",\"contentUrl\":\"https:\/\/www.camping-lasiesta.com\/wp-content\/uploads\/cropped-favicon-min.png\",\"width\":512,\"height\":512,\"caption\":\"La Siesta Salou Resort & Camping\"},\"image\":{\"@id\":\"https:\/\/www.camping-lasiesta.com\/de\/#\/schema\/logo\/image\/\"},\"sameAs\":[\"https:\/\/www.facebook.com\/LaSiestaSalou\",\"https:\/\/www.instagram.com\/lasiestasalou\/\",\"https:\/\/www.youtube.com\/c\/LaSiestaSalouResortCamping\",\"https:\/\/www.tiktok.com\/@lasiestasalou\"]}]}<\/script>\n<!-- \/ Yoast SEO plugin. -->","yoast_head_json":{"title":"Camag\u00fcey Speisekarte | La Siesta Salou Resort &amp; Camping","robots":{"index":"index","follow":"follow","max-snippet":"max-snippet:-1","max-image-preview":"max-image-preview:large","max-video-preview":"max-video-preview:-1"},"canonical":"https:\/\/www.camping-lasiesta.com\/de\/camagueey-speisekarte\/","og_locale":"de_DE","og_type":"article","og_title":"Camag\u00fcey Speisekarte | La Siesta Salou Resort &amp; Camping","og_description":"MEN\u00dc CAMAG\u00dcEY","og_url":"https:\/\/www.camping-lasiesta.com\/de\/camagueey-speisekarte\/","og_site_name":"La Siesta Salou Resort &amp; Camping","article_publisher":"https:\/\/www.facebook.com\/LaSiestaSalou","article_modified_time":"2025-01-13T12:44:49+00:00","og_image":[{"url":"https:\/\/www.camping-lasiesta.com\/wp-content\/uploads\/2023-06-08-0372-1.jpg","type":"","width":"","height":""}],"twitter_card":"summary_large_image","schema":{"@context":"https:\/\/schema.org","@graph":[{"@type":"WebPage","@id":"https:\/\/www.camping-lasiesta.com\/de\/camagueey-speisekarte\/","url":"https:\/\/www.camping-lasiesta.com\/de\/camagueey-speisekarte\/","name":"Camag\u00fcey Speisekarte | La Siesta Salou Resort &amp; Camping","isPartOf":{"@id":"https:\/\/www.camping-lasiesta.com\/de\/#website"},"primaryImageOfPage":{"@id":"https:\/\/www.camping-lasiesta.com\/de\/camagueey-speisekarte\/#primaryimage"},"image":{"@id":"https:\/\/www.camping-lasiesta.com\/de\/camagueey-speisekarte\/#primaryimage"},"thumbnailUrl":"https:\/\/www.camping-lasiesta.com\/wp-content\/uploads\/2023-06-08-0372-1.jpg","datePublished":"2025-01-13T12:44:48+00:00","dateModified":"2025-01-13T12:44:49+00:00","breadcrumb":{"@id":"https:\/\/www.camping-lasiesta.com\/de\/camagueey-speisekarte\/#breadcrumb"},"inLanguage":"de","potentialAction":[{"@type":"ReadAction","target":["https:\/\/www.camping-lasiesta.com\/de\/camagueey-speisekarte\/"]}]},{"@type":"ImageObject","inLanguage":"de","@id":"https:\/\/www.camping-lasiesta.com\/de\/camagueey-speisekarte\/#primaryimage","url":"https:\/\/www.camping-lasiesta.com\/wp-content\/uploads\/2023-06-08-0372-1.jpg","contentUrl":"https:\/\/www.camping-lasiesta.com\/wp-content\/uploads\/2023-06-08-0372-1.jpg"},{"@type":"BreadcrumbList","@id":"https:\/\/www.camping-lasiesta.com\/de\/camagueey-speisekarte\/#breadcrumb","itemListElement":[{"@type":"ListItem","position":1,"name":"Portada","item":"https:\/\/www.camping-lasiesta.com\/de\/"},{"@type":"ListItem","position":2,"name":"Camag\u00fcey Speisekarte"}]},{"@type":"WebSite","@id":"https:\/\/www.camping-lasiesta.com\/de\/#website","url":"https:\/\/www.camping-lasiesta.com\/de\/","name":"La Siesta Salou Resort & Camping","description":"La Siesta Salou, un resort familiar en el centro de Salou y a 400m de la playa","publisher":{"@id":"https:\/\/www.camping-lasiesta.com\/de\/#organization"},"alternateName":"La Siesta Salou","potentialAction":[{"@type":"SearchAction","target":{"@type":"EntryPoint","urlTemplate":"https:\/\/www.camping-lasiesta.com\/de\/?s={search_term_string}"},"query-input":{"@type":"PropertyValueSpecification","valueRequired":true,"valueName":"search_term_string"}}],"inLanguage":"de"},{"@type":"Organization","@id":"https:\/\/www.camping-lasiesta.com\/de\/#organization","name":"La Siesta Salou Resort & Camping","alternateName":"La Siesta Salou","url":"https:\/\/www.camping-lasiesta.com\/de\/","logo":{"@type":"ImageObject","inLanguage":"de","@id":"https:\/\/www.camping-lasiesta.com\/de\/#\/schema\/logo\/image\/","url":"https:\/\/www.camping-lasiesta.com\/wp-content\/uploads\/cropped-favicon-min.png","contentUrl":"https:\/\/www.camping-lasiesta.com\/wp-content\/uploads\/cropped-favicon-min.png","width":512,"height":512,"caption":"La Siesta Salou Resort & Camping"},"image":{"@id":"https:\/\/www.camping-lasiesta.com\/de\/#\/schema\/logo\/image\/"},"sameAs":["https:\/\/www.facebook.com\/LaSiestaSalou","https:\/\/www.instagram.com\/lasiestasalou\/","https:\/\/www.youtube.com\/c\/LaSiestaSalouResortCamping","https:\/\/www.tiktok.com\/@lasiestasalou"]}]}},"_links":{"self":[{"href":"https:\/\/www.camping-lasiesta.com\/de\/wp-json\/wp\/v2\/pages\/25535","targetHints":{"allow":["GET"]}}],"collection":[{"href":"https:\/\/www.camping-lasiesta.com\/de\/wp-json\/wp\/v2\/pages"}],"about":[{"href":"https:\/\/www.camping-lasiesta.com\/de\/wp-json\/wp\/v2\/types\/page"}],"author":[{"embeddable":true,"href":"https:\/\/www.camping-lasiesta.com\/de\/wp-json\/wp\/v2\/users\/1"}],"replies":[{"embeddable":true,"href":"https:\/\/www.camping-lasiesta.com\/de\/wp-json\/wp\/v2\/comments?post=25535"}],"version-history":[{"count":1,"href":"https:\/\/www.camping-lasiesta.com\/de\/wp-json\/wp\/v2\/pages\/25535\/revisions"}],"predecessor-version":[{"id":25536,"href":"https:\/\/www.camping-lasiesta.com\/de\/wp-json\/wp\/v2\/pages\/25535\/revisions\/25536"}],"wp:attachment":[{"href":"https:\/\/www.camping-lasiesta.com\/de\/wp-json\/wp\/v2\/media?parent=25535"}],"curies":[{"name":"wp","href":"https:\/\/api.w.org\/{rel}","templated":true}]}}