{"id":20983,"date":"2024-03-06T12:34:34","date_gmt":"2024-03-06T11:34:34","guid":{"rendered":"https:\/\/www.camping-lasiesta.com\/port-aventura-la-siesta\/"},"modified":"2024-04-15T16:45:29","modified_gmt":"2024-04-15T14:45:29","slug":"port-aventura-la-siesta","status":"publish","type":"page","link":"https:\/\/www.camping-lasiesta.com\/fr\/port-aventura-la-siesta\/","title":{"rendered":"Port Aventura \n&amp; La Siesta"},"content":{"rendered":"<div id=\"wp-block-cabecera-pagina-block_eaecbb2508f5a7d8eaec5dbd6f5ef3f9\" class=\"wp-block-cabecera-pagina alignfull has-icons-align-left\">\n        \n\n<div class=\"wp-block-cover alignfull is-light\" style=\"min-height:100vh;aspect-ratio:unset;\"><span aria-hidden=\"true\" class=\"wp-block-cover__background has-background-dim-10 has-background-dim\"><\/span><img loading=\"lazy\" decoding=\"async\" width=\"1200\" height=\"800\" class=\"wp-block-cover__image-background wp-image-20864\" alt=\"\" src=\"https:\/\/www.camping-lasiesta.com\/wp-content\/uploads\/oferta-portaventura-lasiesta.webp\" data-object-fit=\"cover\" srcset=\"https:\/\/www.camping-lasiesta.com\/wp-content\/uploads\/oferta-portaventura-lasiesta.webp 1200w, https:\/\/www.camping-lasiesta.com\/wp-content\/uploads\/oferta-portaventura-lasiesta-1024x683.webp 1024w, https:\/\/www.camping-lasiesta.com\/wp-content\/uploads\/oferta-portaventura-lasiesta-768x512.webp 768w, https:\/\/www.camping-lasiesta.com\/wp-content\/uploads\/oferta-portaventura-lasiesta-900x600.webp 900w, https:\/\/www.camping-lasiesta.com\/wp-content\/uploads\/oferta-portaventura-lasiesta-600x400.webp 600w, https:\/\/www.camping-lasiesta.com\/wp-content\/uploads\/oferta-portaventura-lasiesta-450x300.webp 450w, https:\/\/www.camping-lasiesta.com\/wp-content\/uploads\/oferta-portaventura-lasiesta-225x150.webp 225w\" sizes=\"auto, (max-width: 1200px) 100vw, 1200px\" \/><div class=\"wp-block-cover__inner-container is-layout-flow wp-block-cover-is-layout-flow\">\n<div class=\"wp-block-group is-vertical is-content-justification-center is-layout-flex wp-container-core-group-is-layout-4b2eccd6 wp-block-group-is-layout-flex\"><h1 class=\"has-text-align-center wp-block-post-title has-text-color has-blank-4-white-color\">Port Aventura \n&amp; La Siesta<\/h1>\n\n<div id=\"wp-block-boton-mini-block_c44a319be74153ae954d69dfa895945c\" class=\"wp-block-boton-mini\">\n       <a id=\"boton_544\" href=\"#\" class=\"boton-galeria\" target=\"_self\" data-gallery=\"boton_544\">\n       <span>Galerie<\/span>\n       <em><\/em>\n       <\/a>\n<\/div>\n\n\n    <script>\n        const boton_544 = GLightbox({\n            elements: [\n\n                                {\n                    'href': 'https:\/\/www.camping-lasiesta.com\/wp-content\/uploads\/pap-mex-atr-hur-onr-0615-010-copia-1900x1072.webp',\n                    'type': 'image'\n                },\n                                {\n                    'href': 'https:\/\/www.camping-lasiesta.com\/wp-content\/uploads\/pap-china-shambhala-copia-1799x1200.webp',\n                    'type': 'image'\n                },\n                                {\n                    'href': 'https:\/\/www.camping-lasiesta.com\/wp-content\/uploads\/pap-ch-atr-ang-ext-0915-011-1900x1193.jpg',\n                    'type': 'image'\n                },\n                                {\n                    'href': 'https:\/\/www.camping-lasiesta.com\/wp-content\/uploads\/pap-sa-pano-none-diu-0915-014-1842x1200.jpg',\n                    'type': 'image'\n                },\n                                {\n                    'href': 'https:\/\/www.camping-lasiesta.com\/wp-content\/uploads\/pap-pol-atr-can-onr-0615-011-1799x1200.jpg',\n                    'type': 'image'\n                },\n                                {\n                    'href': 'https:\/\/www.camping-lasiesta.com\/wp-content\/uploads\/pap-med-atr-fb-onr-0615-010-1823x1200.jpg',\n                    'type': 'image'\n                },\n                                {\n                    'href': 'https:\/\/www.camping-lasiesta.com\/wp-content\/uploads\/fl-zu-atr-cp-onr-0619-002-1800x1200.jpg',\n                    'type': 'image'\n                },\n                                {\n                    'href': 'https:\/\/www.camping-lasiesta.com\/wp-content\/uploads\/fl-zu-atr-tow-onr-0917-001-med-1800x1200.jpg',\n                    'type': 'image'\n                },\n                                {\n                    'href': 'https:\/\/www.camping-lasiesta.com\/wp-content\/uploads\/fl-zu-atr-red-onr-0917-004-v2-1600x1200.jpg',\n                    'type': 'image'\n                },\n                            ],\n            loop: true\n        });\n\n        var boto = document.getElementById('boton_544');\n\n        boto.addEventListener('click', function (event) {\n            event.preventDefault();\n            boton_544.open();\n            \n        });\n\n    <\/script>\n\n\n<\/div>\n<\/div><\/div>\n\n<\/div>\n\n<p class=\"has-text-align-center is-style-titulo-alojamiento\" style=\"margin-top:4rem;margin-bottom:0px\">D\u00c9COUVRIR <strong>PORT AVENTURA WORLD<\/strong><\/p>\n\n<p class=\"has-text-align-center\" style=\"margin-bottom:4rem;font-size:22px\">Profitez en famille ou entre amis de l&rsquo;un des plus grands parcs \u00e0 th\u00e8me d&rsquo;Europe<\/p>\n\n<p class=\"has-text-align-left\">La Siesta Salou Resort &amp; Camping vous invite \u00e0 d\u00e9couvrir le monde magique de Port Aventura World gr\u00e2ce \u00e0 nos <strong>trois offres diff\u00e9rentes de billets + h\u00e9bergement:<\/strong><\/p>\n\n<p class=\"has-text-align-left\" style=\"margin-bottom:2rem\">Vous pouvez choisir l&rsquo;option de billets pour Port Aventura + Ferrari Land pour <strong>1 jour<\/strong>, <strong>2 jours<\/strong> ou <strong>3 jours<\/strong> (v\u00e9rifier les conditions sur www.portaventuraworld.com). <strong>Toutes les offres comprennent l&rsquo;h\u00e9bergement<\/strong> dans un appartement, un bungalow ou un mobilhome, <strong>ainsi que le petit-d\u00e9jeuner<\/strong> \u00e0 notre buffet tous les jours de votre s\u00e9jour.<\/p>\n\n<p class=\"has-blank-4-blue-2-color has-text-color\" style=\"margin-bottom:2rem\"><strong>CHOISISSEZ VOTRE OPTION DE BILLETS + H\u00c9BERGEMENT:<\/strong><\/p>\n\n<div class=\"wp-block-buttons is-content-justification-center is-layout-flex wp-container-core-buttons-is-layout-a6452231 wp-block-buttons-is-layout-flex\" style=\"margin-bottom:3rem\">\n<div class=\"wp-block-button button-arrow-right\" style=\"text-transform:uppercase\"><a class=\"wp-block-button__link has-blank-4-blue-2-background-color has-background wp-element-button\" href=\"https:\/\/booking.camping-lasiesta.com\/search?categoryIds=9&amp;amp;lang=fr\" target=\"_blank\" rel=\"noreferrer noopener\">Billets pour 1 jour<\/a><\/div>\n\n\n\n<div class=\"wp-block-button button-arrow-right\" style=\"text-transform:uppercase\"><a class=\"wp-block-button__link has-blank-4-blue-2-background-color has-background wp-element-button\" href=\"https:\/\/booking.camping-lasiesta.com\/search?categoryIds=10&amp;amp;lang=fr\" target=\"_blank\" rel=\"noreferrer noopener\">Billets pour 2 jours<\/a><\/div>\n\n\n\n<div class=\"wp-block-button button-arrow-right\" style=\"text-transform:uppercase\"><a class=\"wp-block-button__link has-blank-4-blue-2-background-color has-background wp-element-button\" href=\"https:\/\/booking.camping-lasiesta.com\/search?categoryIds=37&amp;amp;lang=fr\" target=\"_blank\" rel=\"noreferrer noopener\">Billets pour 3 jours<\/a><\/div>\n<\/div>\n\n<div class=\"wp-block-cover alignwide is-light has-custom-content-position is-position-center-right port-cover\" style=\"margin-bottom:4rem\"><span aria-hidden=\"true\" class=\"wp-block-cover__background has-background-dim-10 has-background-dim\"><\/span><img loading=\"lazy\" decoding=\"async\" width=\"2048\" height=\"1155\" class=\"wp-block-cover__image-background wp-image-20878\" alt=\"\" src=\"https:\/\/www.camping-lasiesta.com\/wp-content\/uploads\/pap-mex-atr-hur-onr-0615-010-copia.webp\" data-object-fit=\"cover\" srcset=\"https:\/\/www.camping-lasiesta.com\/wp-content\/uploads\/pap-mex-atr-hur-onr-0615-010-copia.webp 2048w, https:\/\/www.camping-lasiesta.com\/wp-content\/uploads\/pap-mex-atr-hur-onr-0615-010-copia-1024x578.webp 1024w, https:\/\/www.camping-lasiesta.com\/wp-content\/uploads\/pap-mex-atr-hur-onr-0615-010-copia-768x433.webp 768w, https:\/\/www.camping-lasiesta.com\/wp-content\/uploads\/pap-mex-atr-hur-onr-0615-010-copia-1536x866.webp 1536w, https:\/\/www.camping-lasiesta.com\/wp-content\/uploads\/pap-mex-atr-hur-onr-0615-010-copia-1900x1072.webp 1900w, https:\/\/www.camping-lasiesta.com\/wp-content\/uploads\/pap-mex-atr-hur-onr-0615-010-copia-600x338.webp 600w\" sizes=\"auto, (max-width: 2048px) 100vw, 2048px\" \/><div class=\"wp-block-cover__inner-container is-layout-flow wp-block-cover-is-layout-flow\">\n<div class=\"wp-block-group has-blank-4-white-background-color has-background is-layout-constrained wp-container-core-group-is-layout-2ca00496 wp-block-group-is-layout-constrained\" style=\"padding-top:var(--wp--preset--spacing--60);padding-right:var(--wp--preset--spacing--60);padding-bottom:var(--wp--preset--spacing--60);padding-left:var(--wp--preset--spacing--60)\">\n<div class=\"wp-block-group is-content-justification-center is-nowrap is-layout-flex wp-container-core-group-is-layout-530fe3c9 wp-block-group-is-layout-flex\" style=\"padding-top:0px;padding-right:0px;padding-bottom:0px;padding-left:0px\">\n<figure class=\"wp-block-image size-large\"><img loading=\"lazy\" decoding=\"async\" width=\"145\" height=\"65\" src=\"https:\/\/www.camping-lasiesta.com\/wp-content\/uploads\/lasiestasalou-logo.png\" alt=\"\" class=\"wp-image-1714\"\/><\/figure>\n\n\n\n<figure class=\"wp-block-image size-full is-resized\"><img decoding=\"async\" src=\"https:\/\/www.camping-lasiesta.com\/wp-content\/uploads\/portaventura-world-color-fondo-claro.png\" alt=\"\" class=\"wp-image-20883\" width=\"145\" srcset=\"https:\/\/www.camping-lasiesta.com\/wp-content\/uploads\/portaventura-world-color-fondo-claro.png 1655w, https:\/\/www.camping-lasiesta.com\/wp-content\/uploads\/portaventura-world-color-fondo-claro-1024x1024.png 1024w, https:\/\/www.camping-lasiesta.com\/wp-content\/uploads\/portaventura-world-color-fondo-claro-200x200.png 200w, https:\/\/www.camping-lasiesta.com\/wp-content\/uploads\/portaventura-world-color-fondo-claro-768x768.png 768w, https:\/\/www.camping-lasiesta.com\/wp-content\/uploads\/portaventura-world-color-fondo-claro-1536x1536.png 1536w, https:\/\/www.camping-lasiesta.com\/wp-content\/uploads\/portaventura-world-color-fondo-claro-1201x1200.png 1201w, https:\/\/www.camping-lasiesta.com\/wp-content\/uploads\/portaventura-world-color-fondo-claro-600x600.png 600w\" sizes=\"(max-width: 1655px) 100vw, 1655px\" \/><\/figure>\n<\/div>\n\n\n\n<p class=\"has-text-align-center is-style-sobre-titulo has-blank-4-blue-2-color has-text-color\"><strong>OFFRE SP\u00c9CIALE<\/strong><\/p>\n\n\n\n<h2 class=\"wp-block-heading has-text-align-center is-style-sobre-titulo is-style-no-margin-h has-x-large-font-size\"><strong>PORT AVENTURA<\/strong><\/h2>\n\n\n\n<ul class=\"wp-block-list\" style=\"margin-top:1.5rem\">\n<li>S\u00e9jour dans un appartement, un bungalow ou un mobilhome de votre choix<\/li>\n\n\n\n<li>Petit-d\u00e9jeuner buffet<\/li>\n\n\n\n<li>Parking gratuit et surveill\u00e9 24h\/24<\/li>\n\n\n\n<li>Wi-Fi gratuit<\/li>\n\n\n\n<li>Draps et serviettes inclus<\/li>\n<\/ul>\n\n\n\n<p style=\"margin-bottom:1rem\">N\u2019attendez pas plus longtemps! R\u00e9servez d\u00e8s maintenant!<\/p>\n\n\n\n<div class=\"wp-block-buttons is-content-justification-center is-layout-flex wp-container-core-buttons-is-layout-d469d150 wp-block-buttons-is-layout-flex\" style=\"margin-bottom:2rem\">\n<div class=\"wp-block-button button-arrow-right\"><a class=\"wp-block-button__link has-blank-4-blue-2-background-color has-background wp-element-button\" href=\"https:\/\/booking.camping-lasiesta.com\/search?categoryIds=9,10,37\" target=\"_blank\" rel=\"noreferrer noopener\">R\u00c9SERVER<\/a><\/div>\n<\/div>\n<\/div>\n<\/div><\/div>\n\n<h4 class=\"wp-block-heading has-text-align-center hide has-blank-4-blue-2-color has-text-color\" style=\"margin-bottom:2rem\"><strong>Ne manquez pas nos offres irr\u00e9sistibles<\/strong><\/h4>\n<div id=\"wp-block-slider-promociones-block_2c49c629f222f3279c8ce30c982ea0ca\" class=\"wp-block-slider-promociones port-promo-slider hide\">\n\n\n                                                    <div class=\"splide slider-promos-logos\">\n                    <div class=\"splide__arrows\">\n                        <button class=\"splide__arrow link-ico splide__arrow--prev\"><\/button>\n                        <button class=\"splide__arrow link-ico splide__arrow--next\"><\/button>\n                    <\/div>\n                        <div class=\"splide__track\">\n                            <div class=\"splide__list\">\n                                                                                                <div class=\"splide__slide\">\n                                <img loading=\"lazy\" decoding=\"async\" width=\"84\" height=\"81\" src=\"https:\/\/www.camping-lasiesta.com\/wp-content\/uploads\/logo-portaventura-1.png\" class=\"attachment-mobile size-mobile\" alt=\"\" \/>                                <\/div>\n                                                                                                <div class=\"splide__slide\">\n                                <img loading=\"lazy\" decoding=\"async\" width=\"400\" height=\"246\" src=\"https:\/\/www.camping-lasiesta.com\/wp-content\/uploads\/logo-aquopolis-costa-dorada.png\" class=\"attachment-mobile size-mobile\" alt=\"\" \/>                                <\/div>\n                                \n                            <\/div>\n                        <\/div>\n                    <\/div>\n                    <script>\n                        var secondarySlider = new Splide( '.slider-promos-logos' , {\n                                type   : 'loop',\n                                perPage: 4,\n                                breakpoints: {\n                                    600: {\n                                        perPage: 3,\n                                    },\n                                },\n                                isNavigation: true,\n                                pagination: false,\n                            } ).mount();\n                    <\/script>\n                           \n<\/div>","protected":false},"excerpt":{"rendered":"<p>D\u00c9COUVRIR PORT AVENTURA WORLD Profitez en famille ou entre amis de l&rsquo;un des plus grands parcs \u00e0 th\u00e8me d&rsquo;Europe La Siesta Salou Resort &amp; Camping&#8230;<\/p>\n","protected":false},"author":1,"featured_media":0,"parent":0,"menu_order":4,"comment_status":"closed","ping_status":"closed","template":"","meta":{"_acf_changed":false,"inline_featured_image":false,"footnotes":""},"class_list":["post-20983","page","type-page","status-publish","hentry"],"acf":[],"yoast_head":"<!-- This site is optimized with the Yoast SEO plugin v26.8 - https:\/\/yoast.com\/product\/yoast-seo-wordpress\/ -->\n<title>Port Aventura &amp; La Siesta | La Siesta Salou Resort &amp; Camping<\/title>\n<meta name=\"robots\" content=\"index, follow, max-snippet:-1, max-image-preview:large, max-video-preview:-1\" \/>\n<link rel=\"canonical\" href=\"https:\/\/www.camping-lasiesta.com\/fr\/port-aventura-la-siesta\/\" \/>\n<meta property=\"og:locale\" content=\"fr_FR\" \/>\n<meta property=\"og:type\" content=\"article\" \/>\n<meta property=\"og:title\" content=\"Port Aventura &amp; La Siesta | La Siesta Salou Resort &amp; Camping\" \/>\n<meta property=\"og:description\" content=\"D\u00c9COUVRIR PORT AVENTURA WORLD Profitez en famille ou entre amis de l&rsquo;un des plus grands parcs \u00e0 th\u00e8me d&rsquo;Europe La Siesta Salou Resort &amp; Camping...\" \/>\n<meta property=\"og:url\" content=\"https:\/\/www.camping-lasiesta.com\/fr\/port-aventura-la-siesta\/\" \/>\n<meta property=\"og:site_name\" content=\"La Siesta Salou Resort &amp; Camping\" \/>\n<meta property=\"article:publisher\" content=\"https:\/\/www.facebook.com\/LaSiestaSalou\" \/>\n<meta property=\"article:modified_time\" content=\"2024-04-15T14:45:29+00:00\" \/>\n<meta property=\"og:image\" content=\"https:\/\/www.camping-lasiesta.com\/wp-content\/uploads\/oferta-portaventura-lasiesta.webp\" \/>\n<meta name=\"twitter:card\" content=\"summary_large_image\" \/>\n<meta name=\"twitter:label1\" content=\"Dur\u00e9e de lecture estim\u00e9e\" \/>\n\t<meta name=\"twitter:data1\" content=\"2 minutes\" \/>\n<script type=\"application\/ld+json\" class=\"yoast-schema-graph\">{\"@context\":\"https:\/\/schema.org\",\"@graph\":[{\"@type\":\"WebPage\",\"@id\":\"https:\/\/www.camping-lasiesta.com\/fr\/port-aventura-la-siesta\/\",\"url\":\"https:\/\/www.camping-lasiesta.com\/fr\/port-aventura-la-siesta\/\",\"name\":\"Port Aventura &amp; La Siesta | La Siesta Salou Resort &amp; Camping\",\"isPartOf\":{\"@id\":\"https:\/\/www.camping-lasiesta.com\/fr\/#website\"},\"primaryImageOfPage\":{\"@id\":\"https:\/\/www.camping-lasiesta.com\/fr\/port-aventura-la-siesta\/#primaryimage\"},\"image\":{\"@id\":\"https:\/\/www.camping-lasiesta.com\/fr\/port-aventura-la-siesta\/#primaryimage\"},\"thumbnailUrl\":\"https:\/\/www.camping-lasiesta.com\/wp-content\/uploads\/oferta-portaventura-lasiesta.webp\",\"datePublished\":\"2024-03-06T11:34:34+00:00\",\"dateModified\":\"2024-04-15T14:45:29+00:00\",\"breadcrumb\":{\"@id\":\"https:\/\/www.camping-lasiesta.com\/fr\/port-aventura-la-siesta\/#breadcrumb\"},\"inLanguage\":\"fr-FR\",\"potentialAction\":[{\"@type\":\"ReadAction\",\"target\":[\"https:\/\/www.camping-lasiesta.com\/fr\/port-aventura-la-siesta\/\"]}]},{\"@type\":\"ImageObject\",\"inLanguage\":\"fr-FR\",\"@id\":\"https:\/\/www.camping-lasiesta.com\/fr\/port-aventura-la-siesta\/#primaryimage\",\"url\":\"https:\/\/www.camping-lasiesta.com\/wp-content\/uploads\/oferta-portaventura-lasiesta.webp\",\"contentUrl\":\"https:\/\/www.camping-lasiesta.com\/wp-content\/uploads\/oferta-portaventura-lasiesta.webp\"},{\"@type\":\"BreadcrumbList\",\"@id\":\"https:\/\/www.camping-lasiesta.com\/fr\/port-aventura-la-siesta\/#breadcrumb\",\"itemListElement\":[{\"@type\":\"ListItem\",\"position\":1,\"name\":\"Portada\",\"item\":\"https:\/\/www.camping-lasiesta.com\/fr\/\"},{\"@type\":\"ListItem\",\"position\":2,\"name\":\"Port Aventura &amp; La Siesta\"}]},{\"@type\":\"WebSite\",\"@id\":\"https:\/\/www.camping-lasiesta.com\/fr\/#website\",\"url\":\"https:\/\/www.camping-lasiesta.com\/fr\/\",\"name\":\"La Siesta Salou Resort & Camping\",\"description\":\"La Siesta Salou, un resort familiar en el centro de Salou y a 400m de la playa\",\"publisher\":{\"@id\":\"https:\/\/www.camping-lasiesta.com\/fr\/#organization\"},\"alternateName\":\"La Siesta Salou\",\"potentialAction\":[{\"@type\":\"SearchAction\",\"target\":{\"@type\":\"EntryPoint\",\"urlTemplate\":\"https:\/\/www.camping-lasiesta.com\/fr\/?s={search_term_string}\"},\"query-input\":{\"@type\":\"PropertyValueSpecification\",\"valueRequired\":true,\"valueName\":\"search_term_string\"}}],\"inLanguage\":\"fr-FR\"},{\"@type\":\"Organization\",\"@id\":\"https:\/\/www.camping-lasiesta.com\/fr\/#organization\",\"name\":\"La Siesta Salou Resort & Camping\",\"alternateName\":\"La Siesta Salou\",\"url\":\"https:\/\/www.camping-lasiesta.com\/fr\/\",\"logo\":{\"@type\":\"ImageObject\",\"inLanguage\":\"fr-FR\",\"@id\":\"https:\/\/www.camping-lasiesta.com\/fr\/#\/schema\/logo\/image\/\",\"url\":\"https:\/\/www.camping-lasiesta.com\/wp-content\/uploads\/cropped-favicon-min.png\",\"contentUrl\":\"https:\/\/www.camping-lasiesta.com\/wp-content\/uploads\/cropped-favicon-min.png\",\"width\":512,\"height\":512,\"caption\":\"La Siesta Salou Resort & Camping\"},\"image\":{\"@id\":\"https:\/\/www.camping-lasiesta.com\/fr\/#\/schema\/logo\/image\/\"},\"sameAs\":[\"https:\/\/www.facebook.com\/LaSiestaSalou\",\"https:\/\/www.instagram.com\/lasiestasalou\/\",\"https:\/\/www.youtube.com\/c\/LaSiestaSalouResortCamping\",\"https:\/\/www.tiktok.com\/@lasiestasalou\"]}]}<\/script>\n<!-- \/ Yoast SEO plugin. -->","yoast_head_json":{"title":"Port Aventura &amp; La Siesta | La Siesta Salou Resort &amp; Camping","robots":{"index":"index","follow":"follow","max-snippet":"max-snippet:-1","max-image-preview":"max-image-preview:large","max-video-preview":"max-video-preview:-1"},"canonical":"https:\/\/www.camping-lasiesta.com\/fr\/port-aventura-la-siesta\/","og_locale":"fr_FR","og_type":"article","og_title":"Port Aventura &amp; La Siesta | La Siesta Salou Resort &amp; Camping","og_description":"D\u00c9COUVRIR PORT AVENTURA WORLD Profitez en famille ou entre amis de l&rsquo;un des plus grands parcs \u00e0 th\u00e8me d&rsquo;Europe La Siesta Salou Resort &amp; Camping...","og_url":"https:\/\/www.camping-lasiesta.com\/fr\/port-aventura-la-siesta\/","og_site_name":"La Siesta Salou Resort &amp; Camping","article_publisher":"https:\/\/www.facebook.com\/LaSiestaSalou","article_modified_time":"2024-04-15T14:45:29+00:00","og_image":[{"url":"https:\/\/www.camping-lasiesta.com\/wp-content\/uploads\/oferta-portaventura-lasiesta.webp","type":"","width":"","height":""}],"twitter_card":"summary_large_image","twitter_misc":{"Dur\u00e9e de lecture estim\u00e9e":"2 minutes"},"schema":{"@context":"https:\/\/schema.org","@graph":[{"@type":"WebPage","@id":"https:\/\/www.camping-lasiesta.com\/fr\/port-aventura-la-siesta\/","url":"https:\/\/www.camping-lasiesta.com\/fr\/port-aventura-la-siesta\/","name":"Port Aventura &amp; La Siesta | La Siesta Salou Resort &amp; Camping","isPartOf":{"@id":"https:\/\/www.camping-lasiesta.com\/fr\/#website"},"primaryImageOfPage":{"@id":"https:\/\/www.camping-lasiesta.com\/fr\/port-aventura-la-siesta\/#primaryimage"},"image":{"@id":"https:\/\/www.camping-lasiesta.com\/fr\/port-aventura-la-siesta\/#primaryimage"},"thumbnailUrl":"https:\/\/www.camping-lasiesta.com\/wp-content\/uploads\/oferta-portaventura-lasiesta.webp","datePublished":"2024-03-06T11:34:34+00:00","dateModified":"2024-04-15T14:45:29+00:00","breadcrumb":{"@id":"https:\/\/www.camping-lasiesta.com\/fr\/port-aventura-la-siesta\/#breadcrumb"},"inLanguage":"fr-FR","potentialAction":[{"@type":"ReadAction","target":["https:\/\/www.camping-lasiesta.com\/fr\/port-aventura-la-siesta\/"]}]},{"@type":"ImageObject","inLanguage":"fr-FR","@id":"https:\/\/www.camping-lasiesta.com\/fr\/port-aventura-la-siesta\/#primaryimage","url":"https:\/\/www.camping-lasiesta.com\/wp-content\/uploads\/oferta-portaventura-lasiesta.webp","contentUrl":"https:\/\/www.camping-lasiesta.com\/wp-content\/uploads\/oferta-portaventura-lasiesta.webp"},{"@type":"BreadcrumbList","@id":"https:\/\/www.camping-lasiesta.com\/fr\/port-aventura-la-siesta\/#breadcrumb","itemListElement":[{"@type":"ListItem","position":1,"name":"Portada","item":"https:\/\/www.camping-lasiesta.com\/fr\/"},{"@type":"ListItem","position":2,"name":"Port Aventura &amp; La Siesta"}]},{"@type":"WebSite","@id":"https:\/\/www.camping-lasiesta.com\/fr\/#website","url":"https:\/\/www.camping-lasiesta.com\/fr\/","name":"La Siesta Salou Resort & Camping","description":"La Siesta Salou, un resort familiar en el centro de Salou y a 400m de la playa","publisher":{"@id":"https:\/\/www.camping-lasiesta.com\/fr\/#organization"},"alternateName":"La Siesta Salou","potentialAction":[{"@type":"SearchAction","target":{"@type":"EntryPoint","urlTemplate":"https:\/\/www.camping-lasiesta.com\/fr\/?s={search_term_string}"},"query-input":{"@type":"PropertyValueSpecification","valueRequired":true,"valueName":"search_term_string"}}],"inLanguage":"fr-FR"},{"@type":"Organization","@id":"https:\/\/www.camping-lasiesta.com\/fr\/#organization","name":"La Siesta Salou Resort & Camping","alternateName":"La Siesta Salou","url":"https:\/\/www.camping-lasiesta.com\/fr\/","logo":{"@type":"ImageObject","inLanguage":"fr-FR","@id":"https:\/\/www.camping-lasiesta.com\/fr\/#\/schema\/logo\/image\/","url":"https:\/\/www.camping-lasiesta.com\/wp-content\/uploads\/cropped-favicon-min.png","contentUrl":"https:\/\/www.camping-lasiesta.com\/wp-content\/uploads\/cropped-favicon-min.png","width":512,"height":512,"caption":"La Siesta Salou Resort & Camping"},"image":{"@id":"https:\/\/www.camping-lasiesta.com\/fr\/#\/schema\/logo\/image\/"},"sameAs":["https:\/\/www.facebook.com\/LaSiestaSalou","https:\/\/www.instagram.com\/lasiestasalou\/","https:\/\/www.youtube.com\/c\/LaSiestaSalouResortCamping","https:\/\/www.tiktok.com\/@lasiestasalou"]}]}},"_links":{"self":[{"href":"https:\/\/www.camping-lasiesta.com\/fr\/wp-json\/wp\/v2\/pages\/20983","targetHints":{"allow":["GET"]}}],"collection":[{"href":"https:\/\/www.camping-lasiesta.com\/fr\/wp-json\/wp\/v2\/pages"}],"about":[{"href":"https:\/\/www.camping-lasiesta.com\/fr\/wp-json\/wp\/v2\/types\/page"}],"author":[{"embeddable":true,"href":"https:\/\/www.camping-lasiesta.com\/fr\/wp-json\/wp\/v2\/users\/1"}],"replies":[{"embeddable":true,"href":"https:\/\/www.camping-lasiesta.com\/fr\/wp-json\/wp\/v2\/comments?post=20983"}],"version-history":[{"count":15,"href":"https:\/\/www.camping-lasiesta.com\/fr\/wp-json\/wp\/v2\/pages\/20983\/revisions"}],"predecessor-version":[{"id":21865,"href":"https:\/\/www.camping-lasiesta.com\/fr\/wp-json\/wp\/v2\/pages\/20983\/revisions\/21865"}],"wp:attachment":[{"href":"https:\/\/www.camping-lasiesta.com\/fr\/wp-json\/wp\/v2\/media?parent=20983"}],"curies":[{"name":"wp","href":"https:\/\/api.w.org\/{rel}","templated":true}]}}