{"id":5740,"date":"2021-07-22T10:19:13","date_gmt":"2021-07-22T08:19:13","guid":{"rendered":"https:\/\/www.camping-lasiesta.com\/promotions\/"},"modified":"2024-02-19T10:14:41","modified_gmt":"2024-02-19T09:14:41","slug":"promotions","status":"publish","type":"page","link":"https:\/\/www.camping-lasiesta.com\/fr\/promotions\/","title":{"rendered":"Promotions"},"content":{"rendered":"<div id=\"wp-block-cabecera-pagina-block_fa7ce67c30895bc50a47b7c5b1f6ee4d\" class=\"wp-block-cabecera-pagina alignfull has-icons-align-left\">\n        \n\n<div class=\"wp-block-cover alignfull is-light\" style=\"min-height:100vh;aspect-ratio:unset;\"><span aria-hidden=\"true\" class=\"wp-block-cover__background has-background-dim-10 has-background-dim\"><\/span><img loading=\"lazy\" decoding=\"async\" width=\"2000\" height=\"1334\" class=\"wp-block-cover__image-background wp-image-7473\" alt=\"\" src=\"https:\/\/www.camping-lasiesta.com\/wp-content\/uploads\/pap-ch-pano-none-diu-0615-014-med.jpg\" data-object-fit=\"cover\" srcset=\"https:\/\/www.camping-lasiesta.com\/wp-content\/uploads\/pap-ch-pano-none-diu-0615-014-med.jpg 2000w, https:\/\/www.camping-lasiesta.com\/wp-content\/uploads\/pap-ch-pano-none-diu-0615-014-med-1024x683.jpg 1024w, https:\/\/www.camping-lasiesta.com\/wp-content\/uploads\/pap-ch-pano-none-diu-0615-014-med-768x512.jpg 768w, https:\/\/www.camping-lasiesta.com\/wp-content\/uploads\/pap-ch-pano-none-diu-0615-014-med-1536x1025.jpg 1536w, https:\/\/www.camping-lasiesta.com\/wp-content\/uploads\/pap-ch-pano-none-diu-0615-014-med-1800x1200.jpg 1800w, https:\/\/www.camping-lasiesta.com\/wp-content\/uploads\/pap-ch-pano-none-diu-0615-014-med-900x600.jpg 900w, https:\/\/www.camping-lasiesta.com\/wp-content\/uploads\/pap-ch-pano-none-diu-0615-014-med-600x400.jpg 600w, https:\/\/www.camping-lasiesta.com\/wp-content\/uploads\/pap-ch-pano-none-diu-0615-014-med-450x300.jpg 450w, https:\/\/www.camping-lasiesta.com\/wp-content\/uploads\/pap-ch-pano-none-diu-0615-014-med-225x150.jpg 225w, https:\/\/www.camping-lasiesta.com\/wp-content\/uploads\/pap-ch-pano-none-diu-0615-014-med-1799x1200.jpg 1799w\" sizes=\"auto, (max-width: 2000px) 100vw, 2000px\" \/><div class=\"wp-block-cover__inner-container is-layout-flow wp-block-cover-is-layout-flow\">\n<h1 class=\"wp-block-heading has-text-align-center has-blank-4-white-color has-text-color\">Promotions<\/h1>\n<\/div><\/div>\n\n<\/div>\n\n<h2 class=\"wp-block-heading has-text-align-center\">PROMOTIONS<\/h2>\n<div id=\"wp-block-slider-promociones-block_5e9f663f112a02c8b418bb610763abbb\" class=\"wp-block-slider-promociones\">\n\n\n            \n                                        <div class=\"splide slider-promos-content\">\n                    <div class=\"splide__arrows\">\n                        <button class=\"splide__arrow link-ico splide__arrow--prev\"><\/button>\n                        <button class=\"splide__arrow link-ico splide__arrow--next\"><\/button>\n                    <\/div>\n                    <div class=\"splide__track\">\n                        <div class=\"splide__list\">\n                            \n                            \n                            <div class=\"splide__slide\" data-splide-hash=\"offre-port-aventura-park-ferrarri-land\">\n                                <div class=\"imagen-promo-wrapper\" style=\"background-image:url(https:\/\/www.camping-lasiesta.com\/wp-content\/uploads\/pap-polynesia-tutukisplash.jpg)\" id=\"offre-port-aventura-park-ferrarri-land\"><\/div>\n                                <div class=\"content-wrapper\">\n                                    <div class=\"promo-text\">\n                                        <h3>Offre Port Aventura Park + Ferrarri Land<\/h3>\n                                        <p>La Siesta Salou Resort &amp; Camping vous invite \u00e0 d\u00e9couvrir le monde magique de PortAventura World avec nos 3 diff\u00e9rentes offres.<\/p>\n                                    <\/div>\n                                    <div class=\"promo-logos\">\n                                        \n                                            <div class=\"wp-block-boton-mini\">\n                                                <a href=\"#popup-5689\" class=\"boton-texto popup-link\"><span>D\u00e9couvrir<\/span><em><\/em><\/a>\n                                            <\/div>\n                                        \n                                        <div class=\"logo-promo-wrapper\"><img loading=\"lazy\" decoding=\"async\" width=\"84\" height=\"81\" src=\"https:\/\/www.camping-lasiesta.com\/wp-content\/uploads\/logo-portaventura-1.png\" class=\"attachment-mobile size-mobile\" alt=\"\" \/><\/div>\n                                    <\/div>\n                                <\/div>\n                            <\/div>\n                            \n                            \n                            <div class=\"splide__slide\" data-splide-hash=\"offre-aquopolis\">\n                                <div class=\"imagen-promo-wrapper\" style=\"background-image:url(https:\/\/www.camping-lasiesta.com\/wp-content\/uploads\/aquopolis-costa-daurada-maui-paradisebr.jpg)\" id=\"offre-aquopolis\"><\/div>\n                                <div class=\"content-wrapper\">\n                                    <div class=\"promo-text\">\n                                        <h3>Offre Aquopolis<\/h3>\n                                        <p>Profitez de nos offres avec des billets pour Aquopolis Maintenant, vous pouvez profiter d&rsquo;h\u00e9bergement \u00e0 La Siesta Salou Resort &amp; Camping avec des billets *&#8230;<\/p>\n                                    <\/div>\n                                    <div class=\"promo-logos\">\n                                        \n                                            <div class=\"wp-block-boton-mini\">\n                                                <a href=\"#popup-5679\" class=\"boton-texto popup-link\"><span>D\u00e9couvrir<\/span><em><\/em><\/a>\n                                            <\/div>\n                                        \n                                        <div class=\"logo-promo-wrapper\"><img loading=\"lazy\" decoding=\"async\" width=\"400\" height=\"246\" src=\"https:\/\/www.camping-lasiesta.com\/wp-content\/uploads\/logo-aquopolis-costa-dorada.png\" class=\"attachment-mobile size-mobile\" alt=\"\" \/><\/div>\n                                    <\/div>\n                                <\/div>\n                            <\/div>\n                                                    <\/div>\n                    <\/div>\n                <\/div>\n                <script>\n\n                <\/script>\n                                                                <h4 class=\"has-text-align-center has-blank-4-blue-2-color has-text-color\">Ne manquez pas nos offres irr\u00e9sistibles<\/h4>\n                                                    <div class=\"splide slider-promos-logos no-mobile\">\n                    <div class=\"splide__arrows\">\n                        <button class=\"splide__arrow link-ico splide__arrow--prev\"><\/button>\n                        <button class=\"splide__arrow link-ico splide__arrow--next\"><\/button>\n                    <\/div>\n                        <div class=\"splide__track\">\n                            <div class=\"splide__list\">\n                                                                                                <div class=\"splide__slide\">\n                                <img loading=\"lazy\" decoding=\"async\" width=\"84\" height=\"81\" src=\"https:\/\/www.camping-lasiesta.com\/wp-content\/uploads\/logo-portaventura-1.png\" class=\"attachment-mobile size-mobile\" alt=\"\" \/>                                <\/div>\n                                                                                                <div class=\"splide__slide\">\n                                <img loading=\"lazy\" decoding=\"async\" width=\"400\" height=\"246\" src=\"https:\/\/www.camping-lasiesta.com\/wp-content\/uploads\/logo-aquopolis-costa-dorada.png\" class=\"attachment-mobile size-mobile\" alt=\"\" \/>                                <\/div>\n                                \n                            <\/div>\n                        <\/div>\n                    <\/div>\n                    <script>\n                        var secondarySlider = new Splide( '.slider-promos-logos' , {\n                                type   : 'loop',\n                                perPage: 4,\n                                isNavigation: true,\n                                pagination: false,\n                            } ).mount();\n\n\n                        var primarySlider = new Splide( '.slider-promos-content' , {\n                            type   : 'loop',\n                            perPage: 1,\n                        } ); \/\/.mount();\n\n                        primarySlider.sync( secondarySlider ).mount(window.splide.Extensions);\n\n                    <\/script>\n                                    \n                                                                                                                    <style>\n                                #popup-5689 .image-popup {\n                                    background-image: url(https:\/\/www.camping-lasiesta.com\/wp-content\/uploads\/carrusel-port-aventura-1-1800x700.jpg)\n                                }\n                            <\/style>\n                                                <div class=\"wp-block-popup has-image-headerwp-block-slider-promociones has-image-header\" data-popup=\"popup-5689\" id=\"popup-5689\">\n                        <div class=\"popup-overlay\"><\/div>\n                            <a class=\"close-popup-link link-ico-em\" href=\"#\"><em class=\"hover-round-after\"><\/em><\/a>\n                            <div class=\"image-popup\"><\/div>\n                            <div class=\"content-popup\">\n<p>La Siesta Salou Resort &amp; Camping vous invite \u00e0 d\u00e9couvrir le monde magique de PortAventura World avec nos 3 diff\u00e9rentes offres. Vous pouvez choisir l&rsquo;option billets Port Aventura + Ferrari Land pour 1 jour, l&rsquo;option Port Aventura + Ferrari Land pour 2 jours ou Port Aventura + Ferrari Land pour 3 jours (voir conditions sur www.portaventuraworld.com). Toutes nos offres incluent l\u2019h\u00e9bergement dans l&rsquo;appartement, bungalow ou le mobile home s\u00e9lectionn\u00e9 ainsi que le petit-d\u00e9jeuner \u00e0 notre buffet pendant toute la dur\u00e9e de votre s\u00e9jour.<\/p>\n\n<p>Profitez de quelques jours en famille ou entre amis dans l\u2019un des parcs \u00e0 th\u00e8mes les plus grands d\u2019Europe.<\/p>\n\n<h3 class=\"wp-block-heading\">Les offres La Siesta + PortAventura World incluent:<\/h3>\n\n<ul class=\"wp-block-list\"><li>S\u00e9jour dans le type d&rsquo;appartement, bungalow ou mobile home s\u00e9lectionn\u00e9<\/li><li>Petit-d\u00e9jeuner buffet<\/li><li>Parking gratuit et surveill\u00e9 24h\/24<\/li><li>Wi-Fi gratuit<\/li><li>Draps et serviettes inclus<\/li><\/ul>\n<p>N\u2019attendez pas plus longtemps! R\u00e9servez d\u00e8s maintenant!<\/p>\n<div id=\"wp-block-botones-mini-block_60f82097dd64c\" class=\"wp-block-botones-mini has-text-align-left columnas-botones-0\">\n        \n<div id=\"wp-block-boton-mini-block_60f82098dd64d\" class=\"wp-block-boton-mini\">\n       <a id=\"boton_434\" href=\"https:\/\/booking.camping-lasiesta.com\/search?categoryIds=9&#038;lang=es\" class=\"boton-texto\" target=\"_blank\" data-gallery=\"boton_434\">\n       <span>Billets pour 1 jour<\/span>\n       <em><\/em>\n       <\/a>\n<\/div>\n\n\n\n\n<div id=\"wp-block-boton-mini-block_60f820b8dd64e\" class=\"wp-block-boton-mini\">\n       <a id=\"boton_473\" href=\"https:\/\/booking.camping-lasiesta.com\/search?categoryIds=10&#038;lang=es\" class=\"boton-texto\" target=\"_blank\" data-gallery=\"boton_473\">\n       <span>Billets pour 2 jours<\/span>\n       <em><\/em>\n       <\/a>\n<\/div>\n\n\n\n\n<div id=\"wp-block-boton-mini-block_60f820cedd64f\" class=\"wp-block-boton-mini\">\n       <a id=\"boton_955\" href=\"https:\/\/booking.camping-lasiesta.com\/search?categoryIds=37&#038;lang=es\" class=\"boton-texto\" target=\"_blank\" data-gallery=\"boton_955\">\n       <span>Billets pour 3 jours<\/span>\n       <em><\/em>\n       <\/a>\n<\/div>\n\n\n\n<\/div><\/div>\n                    <\/div>\n                                                                    <style>\n                                #popup-5679 .image-popup {\n                                    background-image: url(https:\/\/www.camping-lasiesta.com\/wp-content\/uploads\/aquopolis-costa-daurada-kamikazebr.jpg)\n                                }\n                            <\/style>\n                                                <div class=\"wp-block-popup has-image-headerwp-block-slider-promociones has-image-header has-image-header\" data-popup=\"popup-5679\" id=\"popup-5679\">\n                        <div class=\"popup-overlay\"><\/div>\n                            <a class=\"close-popup-link link-ico-em\" href=\"#\"><em class=\"hover-round-after\"><\/em><\/a>\n                            <div class=\"image-popup\"><\/div>\n                            <div class=\"content-popup\">\n<h3 class=\"wp-block-heading\">Profitez de nos <strong>offres avec des billets pour Aquopolis<\/strong><\/h3>\n\n<p>Maintenant, vous pouvez profiter d&rsquo;h\u00e9bergement \u00e0 La Siesta Salou Resort &amp; Camping <strong>avec des billets * au parc aquatique Aquopolis<\/strong> <strong>pour un maximum de 14 jours<\/strong> (voir conditions sur la site <a href=\"https:\/\/costa-dorada.aquopolis.es\/\">https:\/\/costa-dorada.aquopolis.es\/<\/a>). Avec cette offre, vous pourrez profiter du parc tous les jours de votre s\u00e9jour (jusqu&rsquo;\u00e0 14 jours maximum), de l&rsquo;h\u00e9bergement au coeur de Salou et \u00e0 5 minutes de la plage, ainsi que du petit-d\u00e9jeuner au Buffet El Boh\u00edo, au sein de La Siesta Salou.<\/p>\n\n<h3 class=\"wp-block-heading\">Les offres La Siesta + Aquopolis comprennent:<\/h3>\n\n<ul class=\"wp-block-list\">\n<li>S\u00e9jour dans le type d&rsquo;appartement, bungalow ou mobile home s\u00e9lectionn\u00e9<\/li>\n\n\n\n<li>Petit-d\u00e9jeuner buffet gratuit \u00e0 El Boh\u00edo<\/li>\n\n\n\n<li>Parking gratuit et surveill\u00e9 24h\/24<\/li>\n\n\n\n<li>Wi-Fi gratuit<\/li>\n\n\n\n<li>Draps et serviettes inclus<\/li>\n<\/ul>\n\n<p>N\u2019attendez pas plus longtemps! <strong>R\u00e9servez d\u00e8s maintenant!<\/strong><\/p>\n\n<h6 class=\"wp-block-heading\"><em>* Les billets ne sont pas conditionn\u00e9s \u00e0 l&rsquo;\u00e2ge mais \u00e0 la hauteur (1,00 m.) Voir conditions \u00e0 l&rsquo;adresse https:\/\/costa-dorada.aquopolis.es<strong>\/<\/strong><\/em><\/h6>\n<div id=\"wp-block-botones-mini-block_34b7fe433b368d4e0847fa6fbc400595\" class=\"wp-block-botones-mini has-text-align-center columnas-botones-0\">\n        \n<div id=\"wp-block-boton-mini-block_df33e17f28b09bd6e7c5de230ddf23da\" class=\"wp-block-boton-mini\">\n       <a id=\"boton_792\" href=\"https:\/\/booking.camping-lasiesta.com\/search?promotionCode=&#038;categoryIds=12&#038;lang=es\" class=\"boton-texto\" target=\"_blank\" data-gallery=\"boton_792\">\n       <span>Billets de 7 \u00e0 14 jours<\/span>\n       <em><\/em>\n       <\/a>\n<\/div>\n\n\n\n<\/div><\/div>\n                    <\/div>\n                                                    \n                <\/div>\n<div id=\"wp-block-popup-block_708a033a602544560101b8c29f6f44f0\" class=\"wp-block-popup\" data-popup=\"test\">\n<div class=\"popup-overlay\"><\/div>\n    <a class=\"close-popup-link link-ico-em\" href=\"#\"><em class=\"hover-round-after\"><\/em><\/a>\n    \n                <div class=\"content-popup\">\n            \n\n<p class=\"has-text-align-center\">importante, no borrar este popup<\/p>\n\n\n<div id=\"wp-block-botones-mini-block_62083f8bb1ff6774a207881278142bd9\" class=\"wp-block-botones-mini has-text-align-left columnas-botones-0\">\n        \n<div id=\"wp-block-boton-mini-block_48d5d67823fd730da7757d5141793c82\" class=\"wp-block-boton-mini\">\n       <a id=\"boton_159\" href=\"https:\/\/www.camping-lasiesta.com\/fr\" class=\"boton-texto\" target=\"_self\" data-gallery=\"boton_159\">\n       <span>promotion<\/span>\n       <em><\/em>\n       <\/a>\n<\/div>\n\n\n\n<\/div>\n        <\/div>\n<\/div>\n<div style=\"height:100px\" aria-hidden=\"true\" class=\"wp-block-spacer\"><\/div>\n","protected":false},"excerpt":{"rendered":"<p>PROMOTIONS<\/p>\n","protected":false},"author":1,"featured_media":0,"parent":0,"menu_order":15,"comment_status":"closed","ping_status":"closed","template":"","meta":{"_acf_changed":false,"inline_featured_image":false,"footnotes":""},"class_list":["post-5740","page","type-page","status-publish","hentry"],"acf":[],"yoast_head":"<!-- This site is optimized with the Yoast SEO plugin v26.8 - https:\/\/yoast.com\/product\/yoast-seo-wordpress\/ -->\n<title>Promotions | La Siesta Salou Resort &amp; Camping<\/title>\n<meta name=\"robots\" content=\"index, follow, max-snippet:-1, max-image-preview:large, max-video-preview:-1\" \/>\n<link rel=\"canonical\" href=\"https:\/\/www.camping-lasiesta.com\/fr\/promotions\/\" \/>\n<meta property=\"og:locale\" content=\"fr_FR\" \/>\n<meta property=\"og:type\" content=\"article\" \/>\n<meta property=\"og:title\" content=\"Promotions | La Siesta Salou Resort &amp; Camping\" \/>\n<meta property=\"og:description\" content=\"PROMOTIONS\" \/>\n<meta property=\"og:url\" content=\"https:\/\/www.camping-lasiesta.com\/fr\/promotions\/\" \/>\n<meta property=\"og:site_name\" content=\"La Siesta Salou Resort &amp; Camping\" \/>\n<meta property=\"article:publisher\" content=\"https:\/\/www.facebook.com\/LaSiestaSalou\" \/>\n<meta property=\"article:modified_time\" content=\"2024-02-19T09:14:41+00:00\" \/>\n<meta property=\"og:image\" content=\"https:\/\/www.camping-lasiesta.com\/wp-content\/uploads\/pap-ch-pano-none-diu-0615-014-med.jpg\" \/>\n<meta name=\"twitter:card\" content=\"summary_large_image\" \/>\n<meta name=\"twitter:label1\" content=\"Dur\u00e9e de lecture estim\u00e9e\" \/>\n\t<meta name=\"twitter:data1\" content=\"1 minute\" \/>\n<script type=\"application\/ld+json\" class=\"yoast-schema-graph\">{\"@context\":\"https:\/\/schema.org\",\"@graph\":[{\"@type\":\"WebPage\",\"@id\":\"https:\/\/www.camping-lasiesta.com\/fr\/promotions\/\",\"url\":\"https:\/\/www.camping-lasiesta.com\/fr\/promotions\/\",\"name\":\"Promotions | La Siesta Salou Resort &amp; Camping\",\"isPartOf\":{\"@id\":\"https:\/\/www.camping-lasiesta.com\/fr\/#website\"},\"primaryImageOfPage\":{\"@id\":\"https:\/\/www.camping-lasiesta.com\/fr\/promotions\/#primaryimage\"},\"image\":{\"@id\":\"https:\/\/www.camping-lasiesta.com\/fr\/promotions\/#primaryimage\"},\"thumbnailUrl\":\"https:\/\/www.camping-lasiesta.com\/wp-content\/uploads\/pap-ch-pano-none-diu-0615-014-med.jpg\",\"datePublished\":\"2021-07-22T08:19:13+00:00\",\"dateModified\":\"2024-02-19T09:14:41+00:00\",\"breadcrumb\":{\"@id\":\"https:\/\/www.camping-lasiesta.com\/fr\/promotions\/#breadcrumb\"},\"inLanguage\":\"fr-FR\",\"potentialAction\":[{\"@type\":\"ReadAction\",\"target\":[\"https:\/\/www.camping-lasiesta.com\/fr\/promotions\/\"]}]},{\"@type\":\"ImageObject\",\"inLanguage\":\"fr-FR\",\"@id\":\"https:\/\/www.camping-lasiesta.com\/fr\/promotions\/#primaryimage\",\"url\":\"https:\/\/www.camping-lasiesta.com\/wp-content\/uploads\/pap-ch-pano-none-diu-0615-014-med.jpg\",\"contentUrl\":\"https:\/\/www.camping-lasiesta.com\/wp-content\/uploads\/pap-ch-pano-none-diu-0615-014-med.jpg\"},{\"@type\":\"BreadcrumbList\",\"@id\":\"https:\/\/www.camping-lasiesta.com\/fr\/promotions\/#breadcrumb\",\"itemListElement\":[{\"@type\":\"ListItem\",\"position\":1,\"name\":\"Portada\",\"item\":\"https:\/\/www.camping-lasiesta.com\/fr\/\"},{\"@type\":\"ListItem\",\"position\":2,\"name\":\"Promotions\"}]},{\"@type\":\"WebSite\",\"@id\":\"https:\/\/www.camping-lasiesta.com\/fr\/#website\",\"url\":\"https:\/\/www.camping-lasiesta.com\/fr\/\",\"name\":\"La Siesta Salou Resort & Camping\",\"description\":\"La Siesta Salou, un resort familiar en el centro de Salou y a 400m de la playa\",\"publisher\":{\"@id\":\"https:\/\/www.camping-lasiesta.com\/fr\/#organization\"},\"alternateName\":\"La Siesta Salou\",\"potentialAction\":[{\"@type\":\"SearchAction\",\"target\":{\"@type\":\"EntryPoint\",\"urlTemplate\":\"https:\/\/www.camping-lasiesta.com\/fr\/?s={search_term_string}\"},\"query-input\":{\"@type\":\"PropertyValueSpecification\",\"valueRequired\":true,\"valueName\":\"search_term_string\"}}],\"inLanguage\":\"fr-FR\"},{\"@type\":\"Organization\",\"@id\":\"https:\/\/www.camping-lasiesta.com\/fr\/#organization\",\"name\":\"La Siesta Salou Resort & Camping\",\"alternateName\":\"La Siesta Salou\",\"url\":\"https:\/\/www.camping-lasiesta.com\/fr\/\",\"logo\":{\"@type\":\"ImageObject\",\"inLanguage\":\"fr-FR\",\"@id\":\"https:\/\/www.camping-lasiesta.com\/fr\/#\/schema\/logo\/image\/\",\"url\":\"https:\/\/www.camping-lasiesta.com\/wp-content\/uploads\/cropped-favicon-min.png\",\"contentUrl\":\"https:\/\/www.camping-lasiesta.com\/wp-content\/uploads\/cropped-favicon-min.png\",\"width\":512,\"height\":512,\"caption\":\"La Siesta Salou Resort & Camping\"},\"image\":{\"@id\":\"https:\/\/www.camping-lasiesta.com\/fr\/#\/schema\/logo\/image\/\"},\"sameAs\":[\"https:\/\/www.facebook.com\/LaSiestaSalou\",\"https:\/\/www.instagram.com\/lasiestasalou\/\",\"https:\/\/www.youtube.com\/c\/LaSiestaSalouResortCamping\",\"https:\/\/www.tiktok.com\/@lasiestasalou\"]}]}<\/script>\n<!-- \/ Yoast SEO plugin. -->","yoast_head_json":{"title":"Promotions | La Siesta Salou Resort &amp; Camping","robots":{"index":"index","follow":"follow","max-snippet":"max-snippet:-1","max-image-preview":"max-image-preview:large","max-video-preview":"max-video-preview:-1"},"canonical":"https:\/\/www.camping-lasiesta.com\/fr\/promotions\/","og_locale":"fr_FR","og_type":"article","og_title":"Promotions | La Siesta Salou Resort &amp; Camping","og_description":"PROMOTIONS","og_url":"https:\/\/www.camping-lasiesta.com\/fr\/promotions\/","og_site_name":"La Siesta Salou Resort &amp; Camping","article_publisher":"https:\/\/www.facebook.com\/LaSiestaSalou","article_modified_time":"2024-02-19T09:14:41+00:00","og_image":[{"url":"https:\/\/www.camping-lasiesta.com\/wp-content\/uploads\/pap-ch-pano-none-diu-0615-014-med.jpg","type":"","width":"","height":""}],"twitter_card":"summary_large_image","twitter_misc":{"Dur\u00e9e de lecture estim\u00e9e":"1 minute"},"schema":{"@context":"https:\/\/schema.org","@graph":[{"@type":"WebPage","@id":"https:\/\/www.camping-lasiesta.com\/fr\/promotions\/","url":"https:\/\/www.camping-lasiesta.com\/fr\/promotions\/","name":"Promotions | La Siesta Salou Resort &amp; Camping","isPartOf":{"@id":"https:\/\/www.camping-lasiesta.com\/fr\/#website"},"primaryImageOfPage":{"@id":"https:\/\/www.camping-lasiesta.com\/fr\/promotions\/#primaryimage"},"image":{"@id":"https:\/\/www.camping-lasiesta.com\/fr\/promotions\/#primaryimage"},"thumbnailUrl":"https:\/\/www.camping-lasiesta.com\/wp-content\/uploads\/pap-ch-pano-none-diu-0615-014-med.jpg","datePublished":"2021-07-22T08:19:13+00:00","dateModified":"2024-02-19T09:14:41+00:00","breadcrumb":{"@id":"https:\/\/www.camping-lasiesta.com\/fr\/promotions\/#breadcrumb"},"inLanguage":"fr-FR","potentialAction":[{"@type":"ReadAction","target":["https:\/\/www.camping-lasiesta.com\/fr\/promotions\/"]}]},{"@type":"ImageObject","inLanguage":"fr-FR","@id":"https:\/\/www.camping-lasiesta.com\/fr\/promotions\/#primaryimage","url":"https:\/\/www.camping-lasiesta.com\/wp-content\/uploads\/pap-ch-pano-none-diu-0615-014-med.jpg","contentUrl":"https:\/\/www.camping-lasiesta.com\/wp-content\/uploads\/pap-ch-pano-none-diu-0615-014-med.jpg"},{"@type":"BreadcrumbList","@id":"https:\/\/www.camping-lasiesta.com\/fr\/promotions\/#breadcrumb","itemListElement":[{"@type":"ListItem","position":1,"name":"Portada","item":"https:\/\/www.camping-lasiesta.com\/fr\/"},{"@type":"ListItem","position":2,"name":"Promotions"}]},{"@type":"WebSite","@id":"https:\/\/www.camping-lasiesta.com\/fr\/#website","url":"https:\/\/www.camping-lasiesta.com\/fr\/","name":"La Siesta Salou Resort & Camping","description":"La Siesta Salou, un resort familiar en el centro de Salou y a 400m de la playa","publisher":{"@id":"https:\/\/www.camping-lasiesta.com\/fr\/#organization"},"alternateName":"La Siesta Salou","potentialAction":[{"@type":"SearchAction","target":{"@type":"EntryPoint","urlTemplate":"https:\/\/www.camping-lasiesta.com\/fr\/?s={search_term_string}"},"query-input":{"@type":"PropertyValueSpecification","valueRequired":true,"valueName":"search_term_string"}}],"inLanguage":"fr-FR"},{"@type":"Organization","@id":"https:\/\/www.camping-lasiesta.com\/fr\/#organization","name":"La Siesta Salou Resort & Camping","alternateName":"La Siesta Salou","url":"https:\/\/www.camping-lasiesta.com\/fr\/","logo":{"@type":"ImageObject","inLanguage":"fr-FR","@id":"https:\/\/www.camping-lasiesta.com\/fr\/#\/schema\/logo\/image\/","url":"https:\/\/www.camping-lasiesta.com\/wp-content\/uploads\/cropped-favicon-min.png","contentUrl":"https:\/\/www.camping-lasiesta.com\/wp-content\/uploads\/cropped-favicon-min.png","width":512,"height":512,"caption":"La Siesta Salou Resort & Camping"},"image":{"@id":"https:\/\/www.camping-lasiesta.com\/fr\/#\/schema\/logo\/image\/"},"sameAs":["https:\/\/www.facebook.com\/LaSiestaSalou","https:\/\/www.instagram.com\/lasiestasalou\/","https:\/\/www.youtube.com\/c\/LaSiestaSalouResortCamping","https:\/\/www.tiktok.com\/@lasiestasalou"]}]}},"_links":{"self":[{"href":"https:\/\/www.camping-lasiesta.com\/fr\/wp-json\/wp\/v2\/pages\/5740","targetHints":{"allow":["GET"]}}],"collection":[{"href":"https:\/\/www.camping-lasiesta.com\/fr\/wp-json\/wp\/v2\/pages"}],"about":[{"href":"https:\/\/www.camping-lasiesta.com\/fr\/wp-json\/wp\/v2\/types\/page"}],"author":[{"embeddable":true,"href":"https:\/\/www.camping-lasiesta.com\/fr\/wp-json\/wp\/v2\/users\/1"}],"replies":[{"embeddable":true,"href":"https:\/\/www.camping-lasiesta.com\/fr\/wp-json\/wp\/v2\/comments?post=5740"}],"version-history":[{"count":8,"href":"https:\/\/www.camping-lasiesta.com\/fr\/wp-json\/wp\/v2\/pages\/5740\/revisions"}],"predecessor-version":[{"id":20828,"href":"https:\/\/www.camping-lasiesta.com\/fr\/wp-json\/wp\/v2\/pages\/5740\/revisions\/20828"}],"wp:attachment":[{"href":"https:\/\/www.camping-lasiesta.com\/fr\/wp-json\/wp\/v2\/media?parent=5740"}],"curies":[{"name":"wp","href":"https:\/\/api.w.org\/{rel}","templated":true}]}}