{"id":5910,"date":"2021-07-22T16:26:19","date_gmt":"2021-07-22T14:26:19","guid":{"rendered":"https:\/\/www.camping-lasiesta.com\/comment-arriver\/"},"modified":"2025-05-15T11:51:10","modified_gmt":"2025-05-15T09:51:10","slug":"comment-arriver","status":"publish","type":"page","link":"https:\/\/www.camping-lasiesta.com\/fr\/comment-arriver\/","title":{"rendered":"Comment arriver?"},"content":{"rendered":"<div id=\"wp-block-cabecera-pagina-block_adc27ce466f5ce667691c667566c29e5\" class=\"wp-block-cabecera-pagina alignfull has-icons-align-left\">\n    <div class=\"sanefa-siguiente-wrapper\">\n            <div class=\"siguiente-seccion-link-wrapper\">\n                <a href=\"#como-llegar\" class=\"link-ico-em siguiente-seccion\">\n                <em class=\"hover-round-after\"><\/em>\n                            <\/a>\n                <\/div>\n                                <\/div>\n            \n\n<div class=\"wp-block-cover alignfull is-light\" style=\"min-height:100vh;aspect-ratio:unset;\"><span aria-hidden=\"true\" class=\"wp-block-cover__background has-background-dim wp-block-cover__gradient-background has-background-gradient has-gradient-black-transparent-gradient-background\"><\/span><img loading=\"lazy\" decoding=\"async\" width=\"1534\" height=\"1024\" class=\"wp-block-cover__image-background wp-image-2777\" alt=\"\" src=\"https:\/\/www.camping-lasiesta.com\/wp-content\/uploads\/entrada-recepcion-la-siesta.jpg\" data-object-fit=\"cover\" srcset=\"https:\/\/www.camping-lasiesta.com\/wp-content\/uploads\/entrada-recepcion-la-siesta.jpg 1534w, https:\/\/www.camping-lasiesta.com\/wp-content\/uploads\/entrada-recepcion-la-siesta-1024x684.jpg 1024w, https:\/\/www.camping-lasiesta.com\/wp-content\/uploads\/entrada-recepcion-la-siesta-768x513.jpg 768w, https:\/\/www.camping-lasiesta.com\/wp-content\/uploads\/entrada-recepcion-la-siesta-900x600.jpg 900w, https:\/\/www.camping-lasiesta.com\/wp-content\/uploads\/entrada-recepcion-la-siesta-600x401.jpg 600w, https:\/\/www.camping-lasiesta.com\/wp-content\/uploads\/entrada-recepcion-la-siesta-450x300.jpg 450w, https:\/\/www.camping-lasiesta.com\/wp-content\/uploads\/entrada-recepcion-la-siesta-225x150.jpg 225w\" sizes=\"auto, (max-width: 1534px) 100vw, 1534px\" \/><div class=\"wp-block-cover__inner-container is-layout-flow wp-block-cover-is-layout-flow\">\n<h1 class=\"wp-block-heading has-text-align-center has-blank-4-white-color has-text-color has-link-color wp-elements-780878b65906b0399bd34315c9761f3c\">Comment arriver?<\/h1>\n<\/div><\/div>\n\n<\/div>\n\n<div class=\"wp-block-group alignfull is-style-palmera-2-right is-layout-flow wp-block-group-is-layout-flow\">\n\n<div id=\"como-llegar\" class=\"alignwide ancla-seccion ancla-seccion-generica\">\n<div id=\"wp-block-seccion-generica-block_9e07d995a7650d6767eeb773a20a3228\" class=\"wp-block-seccion-generica alignwide\">\n\n\n    <a href=\"#mapa-ruta\" class=\"boton-siguiente \"><em class=\"hover-round-after\"><\/em><span>siguiente<\/span><\/a>\n    <div class=\"secccion-generica-wrapper\">\n        \n<div id=\"wp-block-cabecera-seccion-block_7bb822a0e812bb919f9bb84321ecf0b5\" class=\"wp-block-cabecera-seccion has-text-align-center\">\n        \n\n<p class=\"is-style-sobre-titulo has-blank-4-blue-2-color has-text-color\">EMPLACEMENT<\/p>\n\n\n\n<h2 class=\"wp-block-heading is-style-sobre-titulo has-blank-4-blue-4-color has-text-color\">COMMENT ARRIVER<\/h2>\n\n<\/div>\n\n<div id=\"wp-block-texto-seccion-block_d5eb5a84e67fb9fa91b84cdb6b8a26e3\" class=\"wp-block-texto-seccion has-text-align-left\">\n        \n\n<p>Se rendre \u00e0 La Siesta Salou Resort &amp; Camping est une \u00e9vidence. Le camping est situ\u00e9 au centre de Salou, \u00e0 10 kilom\u00e8tres de Tarragone, \u00e0 quelques m\u00e8tres de la plage et tout pr\u00e8s de Port Aventura World. Avec ce plan que vous trouverez sur la page, il sera encore plus facile de se rendre \u00e0 la station La Siesta Salou.   Saisissez d\u2019o\u00f9 vous venez dans le champ correspondant et nous vous indiquerons point par point comment nous rejoindre.<\/p>\n\n\n\n<p>Nous nous ferons un plaisir de vous indiquer la route \u00e0 suivre pour renouer avec le bonheur!<\/p>\n\n<\/div>\n\n<div id=\"wp-block-botones-mini-block_1e3f235f6e0888c11650a1e525a92cd4\" class=\"wp-block-botones-mini botones-texto-big has-text-align-left columnas-botones-2\">\n        \n<div id=\"wp-block-boton-mini-block_fbbf96a816ab809a7bd64777d0e0a6c1\" class=\"wp-block-boton-mini\">\n       <a id=\"boton_756\" href=\"https:\/\/www.camping-lasiesta.com\/wp-content\/uploads\/como-llegar.pdf\" class=\"boton-texto\" target=\"_blank\" data-gallery=\"boton_756\">\n       <span>Comment arriver?<\/span>\n       <em><\/em>\n       <\/a>\n<\/div>\n\n\n\n\n<div id=\"wp-block-boton-mini-block_dd8a8ed645b2f2d0c393f100d18068be\" class=\"wp-block-boton-mini\">\n       <a id=\"boton_37\" href=\"https:\/\/www.camping-lasiesta.com\/wp-content\/uploads\/como-llegar-salou.pdf\" class=\"boton-texto\" target=\"_blank\" data-gallery=\"boton_37\">\n       <span>Carte de Salou<\/span>\n       <em><\/em>\n       <\/a>\n<\/div>\n\n\n\n\n<div id=\"wp-block-boton-mini-block_7a997bb9d9f370c2210905bbc864858b\" class=\"wp-block-boton-mini\">\n       <a id=\"boton_235\" href=\"https:\/\/www.camping-lasiesta.com\/wp-content\/uploads\/mapa-del-resort.jpg\" class=\"boton-texto\" target=\"_blank\" data-gallery=\"boton_235\" class=\"image-link\">\n       <span>Carte du Resort<\/span>\n       <em><\/em>\n       <\/a>\n<\/div>\n\n\n\n\n<div id=\"wp-block-boton-mini-block_4e3229c2368ffd507563e5d0c429f18e\" class=\"wp-block-boton-mini\">\n       <a id=\"boton_616\" href=\"#transfers\" class=\"boton-texto popup-link\" target=\"_self\" data-gallery=\"boton_616\">\n       <span>TRANSFERS<\/span>\n       <em><\/em>\n       <\/a>\n<\/div>\n\n\n\n<\/div>\n        <\/div>\n<\/div>\n<\/div>\n\n<style>\n\n    #wp-block-seccion-generica-block_9e07d995a7650d6767eeb773a20a3228 {\n        background-size: cover;\n        background-color: var(--blue-2);\n        background-repeat: no-repeat;\n        background-position: center center;\n    }\n\n    @media screen and (max-width: 799px) {\n        #wp-block-seccion-generica-block_9e07d995a7650d6767eeb773a20a3228 {\n            \n            background-image: url(https:\/\/www.camping-lasiesta.com\/wp-content\/uploads\/recepcion-mobile.jpg);\n        }\n    }\n    @media screen and (min-width: 800px) {\n        #wp-block-seccion-generica-block_9e07d995a7650d6767eeb773a20a3228 {\n            background-image: url(https:\/\/www.camping-lasiesta.com\/wp-content\/uploads\/recepcion-lasiestasalou.jpg);\n        }\n    }\n\n\n\n<\/style><\/div>\n\n<div id=\"wp-block-popup-block_dd9a0e6a254c2780da64b150fc43b6de\" class=\"wp-block-popup\" data-popup=\"transfers\">\n<div class=\"popup-overlay\"><\/div>\n    <a class=\"close-popup-link link-ico-em\" href=\"#\"><em class=\"hover-round-after\"><\/em><\/a>\n    \n                <div class=\"content-popup\">\n            \n\n<h2 class=\"wp-block-heading has-blank-4-blue-2-color has-text-color\">R\u00e9servez votre meilleure option de transfer<\/h2>\n\n\n\n<p>Vous avez besoin d&rsquo;un <strong>transfer <\/strong>pour vous rendre \u00e0 <strong>La Siesta Salou<\/strong> ?<\/p>\n\n\n\n<p>Voyagez en tout confort avec <strong>Triggle <\/strong>et commencez vos vacances sans soucis. Choisissez entre un transfert priv\u00e9, un transfert partag\u00e9 ou l&rsquo;option qui vous convient le mieux et profitez d&rsquo;un transfert rapide et s\u00fbr de l&rsquo;a\u00e9roport au resort. <\/p>\n\n\n\n<p><strong>R\u00e9servez d\u00e8s maintenant<\/strong> et assurez-vous que votre transfert est pr\u00eat pour votre arriv\u00e9e. <\/p>\n\n\n<div id=\"wp-block-botones-mini-block_b77718df6529e0076203d61a2e19b94f\" class=\"wp-block-botones-mini has-text-align-left columnas-botones-0\">\n        \n<div id=\"wp-block-boton-mini-block_c7266152e722fd2fd6f95ddf9c1fe019\" class=\"wp-block-boton-mini\">\n       <a id=\"boton_569\" href=\"https:\/\/triggle.app\/FSOodtTW\" class=\"boton-texto\" target=\"_blank\" data-gallery=\"boton_569\">\n       <span>R\u00c9SERVER<\/span>\n       <em><\/em>\n       <\/a>\n<\/div>\n\n\n\n<\/div>\n        <\/div>\n<\/div>\n<div class=\"wp-block-group alignfull map-container is-layout-flow wp-block-group-is-layout-flow\" id=\"mapa-ruta\">\n<iframe src=\"https:\/\/www.google.com\/maps\/embed?pb=!1m18!1m12!1m3!1d3007.5728717909114!2d1.1364167766571394!3d41.078328271340744!2m3!1f0!2f0!3f0!3m2!1i1024!2i768!4f13.1!3m3!1m2!1s0x12a15a2b98c7cb5d%3A0xb890f76f3b4cf151!2sLa%20Siesta%20Salou%20Resort%20%26%20Camping!5e0!3m2!1ses!2ses!4v1738253327305!5m2!1ses!2ses\" width=\"600\" height=\"650\" style=\"border:0;\" allowfullscreen=\"\" loading=\"lazy\" referrerpolicy=\"no-referrer-when-downgrade\"><\/iframe>\n<\/div>\n\n<p><\/p>\n","protected":false},"excerpt":{"rendered":"","protected":false},"author":1,"featured_media":0,"parent":0,"menu_order":6,"comment_status":"closed","ping_status":"closed","template":"","meta":{"_acf_changed":false,"inline_featured_image":false,"footnotes":""},"class_list":["post-5910","page","type-page","status-publish","hentry"],"acf":[],"yoast_head":"<!-- This site is optimized with the Yoast SEO plugin v26.8 - https:\/\/yoast.com\/product\/yoast-seo-wordpress\/ -->\n<title>Comment se rendre \u00e0 La Siesta Salou Resort &amp; Camping<\/title>\n<meta name=\"description\" content=\"Trouvez le meilleur itin\u00e9raire pour arriver \u00e0 La Siesta Resort \u00e0 Salou. Nous vous guidons \u00e9tape par \u00e9tape pour que vous puissiez commencer vos vacances sans complications. Entrez pour d\u00e9couvrir comment y arriver!\" \/>\n<meta name=\"robots\" content=\"index, follow, max-snippet:-1, max-image-preview:large, max-video-preview:-1\" \/>\n<link rel=\"canonical\" href=\"https:\/\/www.camping-lasiesta.com\/fr\/comment-arriver\/\" \/>\n<meta property=\"og:locale\" content=\"fr_FR\" \/>\n<meta property=\"og:type\" content=\"article\" \/>\n<meta property=\"og:title\" content=\"Comment se rendre \u00e0 La Siesta Salou Resort &amp; Camping\" \/>\n<meta property=\"og:description\" content=\"Trouvez le meilleur itin\u00e9raire pour arriver \u00e0 La Siesta Resort \u00e0 Salou. Nous vous guidons \u00e9tape par \u00e9tape pour que vous puissiez commencer vos vacances sans complications. Entrez pour d\u00e9couvrir comment y arriver!\" \/>\n<meta property=\"og:url\" content=\"https:\/\/www.camping-lasiesta.com\/fr\/comment-arriver\/\" \/>\n<meta property=\"og:site_name\" content=\"La Siesta Salou Resort &amp; Camping\" \/>\n<meta property=\"article:publisher\" content=\"https:\/\/www.facebook.com\/LaSiestaSalou\" \/>\n<meta property=\"article:modified_time\" content=\"2025-05-15T09:51:10+00:00\" \/>\n<meta property=\"og:image\" content=\"https:\/\/www.camping-lasiesta.com\/wp-content\/uploads\/entrada-recepcion-la-siesta.jpg\" \/>\n<meta name=\"twitter:card\" content=\"summary_large_image\" \/>\n<meta name=\"twitter:label1\" content=\"Dur\u00e9e de lecture estim\u00e9e\" \/>\n\t<meta name=\"twitter:data1\" content=\"1 minute\" \/>\n<script type=\"application\/ld+json\" class=\"yoast-schema-graph\">{\"@context\":\"https:\/\/schema.org\",\"@graph\":[{\"@type\":\"WebPage\",\"@id\":\"https:\/\/www.camping-lasiesta.com\/fr\/comment-arriver\/\",\"url\":\"https:\/\/www.camping-lasiesta.com\/fr\/comment-arriver\/\",\"name\":\"Comment se rendre \u00e0 La Siesta Salou Resort & Camping\",\"isPartOf\":{\"@id\":\"https:\/\/www.camping-lasiesta.com\/fr\/#website\"},\"primaryImageOfPage\":{\"@id\":\"https:\/\/www.camping-lasiesta.com\/fr\/comment-arriver\/#primaryimage\"},\"image\":{\"@id\":\"https:\/\/www.camping-lasiesta.com\/fr\/comment-arriver\/#primaryimage\"},\"thumbnailUrl\":\"https:\/\/www.camping-lasiesta.com\/wp-content\/uploads\/entrada-recepcion-la-siesta.jpg\",\"datePublished\":\"2021-07-22T14:26:19+00:00\",\"dateModified\":\"2025-05-15T09:51:10+00:00\",\"description\":\"Trouvez le meilleur itin\u00e9raire pour arriver \u00e0 La Siesta Resort \u00e0 Salou. Nous vous guidons \u00e9tape par \u00e9tape pour que vous puissiez commencer vos vacances sans complications. Entrez pour d\u00e9couvrir comment y arriver!\",\"breadcrumb\":{\"@id\":\"https:\/\/www.camping-lasiesta.com\/fr\/comment-arriver\/#breadcrumb\"},\"inLanguage\":\"fr-FR\",\"potentialAction\":[{\"@type\":\"ReadAction\",\"target\":[\"https:\/\/www.camping-lasiesta.com\/fr\/comment-arriver\/\"]}]},{\"@type\":\"ImageObject\",\"inLanguage\":\"fr-FR\",\"@id\":\"https:\/\/www.camping-lasiesta.com\/fr\/comment-arriver\/#primaryimage\",\"url\":\"https:\/\/www.camping-lasiesta.com\/wp-content\/uploads\/entrada-recepcion-la-siesta.jpg\",\"contentUrl\":\"https:\/\/www.camping-lasiesta.com\/wp-content\/uploads\/entrada-recepcion-la-siesta.jpg\"},{\"@type\":\"BreadcrumbList\",\"@id\":\"https:\/\/www.camping-lasiesta.com\/fr\/comment-arriver\/#breadcrumb\",\"itemListElement\":[{\"@type\":\"ListItem\",\"position\":1,\"name\":\"Portada\",\"item\":\"https:\/\/www.camping-lasiesta.com\/fr\/\"},{\"@type\":\"ListItem\",\"position\":2,\"name\":\"Comment arriver?\"}]},{\"@type\":\"WebSite\",\"@id\":\"https:\/\/www.camping-lasiesta.com\/fr\/#website\",\"url\":\"https:\/\/www.camping-lasiesta.com\/fr\/\",\"name\":\"La Siesta Salou Resort & Camping\",\"description\":\"La Siesta Salou, un resort familiar en el centro de Salou y a 400m de la playa\",\"publisher\":{\"@id\":\"https:\/\/www.camping-lasiesta.com\/fr\/#organization\"},\"alternateName\":\"La Siesta Salou\",\"potentialAction\":[{\"@type\":\"SearchAction\",\"target\":{\"@type\":\"EntryPoint\",\"urlTemplate\":\"https:\/\/www.camping-lasiesta.com\/fr\/?s={search_term_string}\"},\"query-input\":{\"@type\":\"PropertyValueSpecification\",\"valueRequired\":true,\"valueName\":\"search_term_string\"}}],\"inLanguage\":\"fr-FR\"},{\"@type\":\"Organization\",\"@id\":\"https:\/\/www.camping-lasiesta.com\/fr\/#organization\",\"name\":\"La Siesta Salou Resort & Camping\",\"alternateName\":\"La Siesta Salou\",\"url\":\"https:\/\/www.camping-lasiesta.com\/fr\/\",\"logo\":{\"@type\":\"ImageObject\",\"inLanguage\":\"fr-FR\",\"@id\":\"https:\/\/www.camping-lasiesta.com\/fr\/#\/schema\/logo\/image\/\",\"url\":\"https:\/\/www.camping-lasiesta.com\/wp-content\/uploads\/cropped-favicon-min.png\",\"contentUrl\":\"https:\/\/www.camping-lasiesta.com\/wp-content\/uploads\/cropped-favicon-min.png\",\"width\":512,\"height\":512,\"caption\":\"La Siesta Salou Resort & Camping\"},\"image\":{\"@id\":\"https:\/\/www.camping-lasiesta.com\/fr\/#\/schema\/logo\/image\/\"},\"sameAs\":[\"https:\/\/www.facebook.com\/LaSiestaSalou\",\"https:\/\/www.instagram.com\/lasiestasalou\/\",\"https:\/\/www.youtube.com\/c\/LaSiestaSalouResortCamping\",\"https:\/\/www.tiktok.com\/@lasiestasalou\"]}]}<\/script>\n<!-- \/ Yoast SEO plugin. -->","yoast_head_json":{"title":"Comment se rendre \u00e0 La Siesta Salou Resort & Camping","description":"Trouvez le meilleur itin\u00e9raire pour arriver \u00e0 La Siesta Resort \u00e0 Salou. Nous vous guidons \u00e9tape par \u00e9tape pour que vous puissiez commencer vos vacances sans complications. Entrez pour d\u00e9couvrir comment y arriver!","robots":{"index":"index","follow":"follow","max-snippet":"max-snippet:-1","max-image-preview":"max-image-preview:large","max-video-preview":"max-video-preview:-1"},"canonical":"https:\/\/www.camping-lasiesta.com\/fr\/comment-arriver\/","og_locale":"fr_FR","og_type":"article","og_title":"Comment se rendre \u00e0 La Siesta Salou Resort & Camping","og_description":"Trouvez le meilleur itin\u00e9raire pour arriver \u00e0 La Siesta Resort \u00e0 Salou. Nous vous guidons \u00e9tape par \u00e9tape pour que vous puissiez commencer vos vacances sans complications. Entrez pour d\u00e9couvrir comment y arriver!","og_url":"https:\/\/www.camping-lasiesta.com\/fr\/comment-arriver\/","og_site_name":"La Siesta Salou Resort &amp; Camping","article_publisher":"https:\/\/www.facebook.com\/LaSiestaSalou","article_modified_time":"2025-05-15T09:51:10+00:00","og_image":[{"url":"https:\/\/www.camping-lasiesta.com\/wp-content\/uploads\/entrada-recepcion-la-siesta.jpg","type":"","width":"","height":""}],"twitter_card":"summary_large_image","twitter_misc":{"Dur\u00e9e de lecture estim\u00e9e":"1 minute"},"schema":{"@context":"https:\/\/schema.org","@graph":[{"@type":"WebPage","@id":"https:\/\/www.camping-lasiesta.com\/fr\/comment-arriver\/","url":"https:\/\/www.camping-lasiesta.com\/fr\/comment-arriver\/","name":"Comment se rendre \u00e0 La Siesta Salou Resort & Camping","isPartOf":{"@id":"https:\/\/www.camping-lasiesta.com\/fr\/#website"},"primaryImageOfPage":{"@id":"https:\/\/www.camping-lasiesta.com\/fr\/comment-arriver\/#primaryimage"},"image":{"@id":"https:\/\/www.camping-lasiesta.com\/fr\/comment-arriver\/#primaryimage"},"thumbnailUrl":"https:\/\/www.camping-lasiesta.com\/wp-content\/uploads\/entrada-recepcion-la-siesta.jpg","datePublished":"2021-07-22T14:26:19+00:00","dateModified":"2025-05-15T09:51:10+00:00","description":"Trouvez le meilleur itin\u00e9raire pour arriver \u00e0 La Siesta Resort \u00e0 Salou. Nous vous guidons \u00e9tape par \u00e9tape pour que vous puissiez commencer vos vacances sans complications. Entrez pour d\u00e9couvrir comment y arriver!","breadcrumb":{"@id":"https:\/\/www.camping-lasiesta.com\/fr\/comment-arriver\/#breadcrumb"},"inLanguage":"fr-FR","potentialAction":[{"@type":"ReadAction","target":["https:\/\/www.camping-lasiesta.com\/fr\/comment-arriver\/"]}]},{"@type":"ImageObject","inLanguage":"fr-FR","@id":"https:\/\/www.camping-lasiesta.com\/fr\/comment-arriver\/#primaryimage","url":"https:\/\/www.camping-lasiesta.com\/wp-content\/uploads\/entrada-recepcion-la-siesta.jpg","contentUrl":"https:\/\/www.camping-lasiesta.com\/wp-content\/uploads\/entrada-recepcion-la-siesta.jpg"},{"@type":"BreadcrumbList","@id":"https:\/\/www.camping-lasiesta.com\/fr\/comment-arriver\/#breadcrumb","itemListElement":[{"@type":"ListItem","position":1,"name":"Portada","item":"https:\/\/www.camping-lasiesta.com\/fr\/"},{"@type":"ListItem","position":2,"name":"Comment arriver?"}]},{"@type":"WebSite","@id":"https:\/\/www.camping-lasiesta.com\/fr\/#website","url":"https:\/\/www.camping-lasiesta.com\/fr\/","name":"La Siesta Salou Resort & Camping","description":"La Siesta Salou, un resort familiar en el centro de Salou y a 400m de la playa","publisher":{"@id":"https:\/\/www.camping-lasiesta.com\/fr\/#organization"},"alternateName":"La Siesta Salou","potentialAction":[{"@type":"SearchAction","target":{"@type":"EntryPoint","urlTemplate":"https:\/\/www.camping-lasiesta.com\/fr\/?s={search_term_string}"},"query-input":{"@type":"PropertyValueSpecification","valueRequired":true,"valueName":"search_term_string"}}],"inLanguage":"fr-FR"},{"@type":"Organization","@id":"https:\/\/www.camping-lasiesta.com\/fr\/#organization","name":"La Siesta Salou Resort & Camping","alternateName":"La Siesta Salou","url":"https:\/\/www.camping-lasiesta.com\/fr\/","logo":{"@type":"ImageObject","inLanguage":"fr-FR","@id":"https:\/\/www.camping-lasiesta.com\/fr\/#\/schema\/logo\/image\/","url":"https:\/\/www.camping-lasiesta.com\/wp-content\/uploads\/cropped-favicon-min.png","contentUrl":"https:\/\/www.camping-lasiesta.com\/wp-content\/uploads\/cropped-favicon-min.png","width":512,"height":512,"caption":"La Siesta Salou Resort & Camping"},"image":{"@id":"https:\/\/www.camping-lasiesta.com\/fr\/#\/schema\/logo\/image\/"},"sameAs":["https:\/\/www.facebook.com\/LaSiestaSalou","https:\/\/www.instagram.com\/lasiestasalou\/","https:\/\/www.youtube.com\/c\/LaSiestaSalouResortCamping","https:\/\/www.tiktok.com\/@lasiestasalou"]}]}},"_links":{"self":[{"href":"https:\/\/www.camping-lasiesta.com\/fr\/wp-json\/wp\/v2\/pages\/5910","targetHints":{"allow":["GET"]}}],"collection":[{"href":"https:\/\/www.camping-lasiesta.com\/fr\/wp-json\/wp\/v2\/pages"}],"about":[{"href":"https:\/\/www.camping-lasiesta.com\/fr\/wp-json\/wp\/v2\/types\/page"}],"author":[{"embeddable":true,"href":"https:\/\/www.camping-lasiesta.com\/fr\/wp-json\/wp\/v2\/users\/1"}],"replies":[{"embeddable":true,"href":"https:\/\/www.camping-lasiesta.com\/fr\/wp-json\/wp\/v2\/comments?post=5910"}],"version-history":[{"count":11,"href":"https:\/\/www.camping-lasiesta.com\/fr\/wp-json\/wp\/v2\/pages\/5910\/revisions"}],"predecessor-version":[{"id":27379,"href":"https:\/\/www.camping-lasiesta.com\/fr\/wp-json\/wp\/v2\/pages\/5910\/revisions\/27379"}],"wp:attachment":[{"href":"https:\/\/www.camping-lasiesta.com\/fr\/wp-json\/wp\/v2\/media?parent=5910"}],"curies":[{"name":"wp","href":"https:\/\/api.w.org\/{rel}","templated":true}]}}