{"id":6001,"date":"2021-07-23T10:17:52","date_gmt":"2021-07-23T08:17:52","guid":{"rendered":"https:\/\/www.camping-lasiesta.com\/faqs\/"},"modified":"2022-05-20T11:07:40","modified_gmt":"2022-05-20T09:07:40","slug":"faqs","status":"publish","type":"page","link":"https:\/\/www.camping-lasiesta.com\/fr\/faqs\/","title":{"rendered":"FAQs"},"content":{"rendered":"<div id=\"wp-block-cabecera-pagina-block_60f535b728e4d\" class=\"wp-block-cabecera-pagina alignfull has-icons-align-left\">\n        \n\n<div class=\"wp-block-cover alignfull is-light\" style=\"min-height:100vh;aspect-ratio:unset;\"><span aria-hidden=\"true\" class=\"wp-block-cover__gradient-background has-background-dim\"><\/span><img loading=\"lazy\" decoding=\"async\" width=\"1534\" height=\"1024\" class=\"wp-block-cover__image-background wp-image-2762\" alt=\"\" src=\"https:\/\/www.camping-lasiesta.com\/wp-content\/uploads\/recepcion-la-siesta.jpg\" data-object-fit=\"cover\" srcset=\"https:\/\/www.camping-lasiesta.com\/wp-content\/uploads\/recepcion-la-siesta.jpg 1534w, https:\/\/www.camping-lasiesta.com\/wp-content\/uploads\/recepcion-la-siesta-1024x684.jpg 1024w, https:\/\/www.camping-lasiesta.com\/wp-content\/uploads\/recepcion-la-siesta-768x513.jpg 768w, https:\/\/www.camping-lasiesta.com\/wp-content\/uploads\/recepcion-la-siesta-900x600.jpg 900w, https:\/\/www.camping-lasiesta.com\/wp-content\/uploads\/recepcion-la-siesta-600x401.jpg 600w, https:\/\/www.camping-lasiesta.com\/wp-content\/uploads\/recepcion-la-siesta-450x300.jpg 450w, https:\/\/www.camping-lasiesta.com\/wp-content\/uploads\/recepcion-la-siesta-225x150.jpg 225w\" sizes=\"auto, (max-width: 1534px) 100vw, 1534px\" \/><div class=\"wp-block-cover__inner-container is-layout-flow wp-block-cover-is-layout-flow\">\n<h1 class=\"has-text-align-center has-blank-4-white-color has-text-color wp-block-heading\">Questions fr\u00e9quentes<\/h1>\n<\/div><\/div>\n\n<\/div>\n<div id=\"wp-block-faq-block_60f5334186926\" class=\"block-faq \">\n<h3 class=\"faq-title\">RESERVAS Y CANCELACIONES<\/h3>\n<div class=\"faqs-wrapper\">\n                        <div class=\"faq\"><input type=\"checkbox\" id=\"faq-8710\" name=\"faq-group\"><label for=\"faq-8710\">Puis-je annuler ma r\u00e9servation ?<\/label><div class=\"content-faq\">\n<p>Vous pouvez consulter la politique g\u00e9n\u00e9rale d&rsquo;annulation de La Siesta Salou Resort &amp; Camping dans chacun de nos dossiers d&rsquo;h\u00e9bergement. A la fin de celles-ci, vous trouverez les Conditions de R\u00e9servation.<\/p>\n\n<p>En r\u00e9sum\u00e9, <strong>les annulations jusqu&rsquo;\u00e0 40 jours \u00e0 l&rsquo;avance r\u00e9cup\u00e9reront 90% du paiement sur le compte <\/strong>et <strong>entre 39 et 20 jours le 50%<\/strong>. Sinon, la perte sera de 100 %.<\/p>\n\n<p>Il est important de rappeler que <strong>les offres ne sont en aucun cas remboursables<\/strong>.<\/p>\n<\/div><\/div>\n                                        <div class=\"faq\"><input type=\"checkbox\" id=\"faq-8712\" name=\"faq-group\"><label for=\"faq-8712\">Puis-je modifier ma r\u00e9servation ?<\/label><div class=\"content-faq\">\n<p>Oui, pas de probl\u00e8me, tant que nous avons de la disponibilit\u00e9 pour nous adapter \u00e0 vos besoins. N&rsquo;oubliez pas que pour apporter des modifications \u00e0 votre r\u00e9servation, <strong>vous devez envoyer un e-mail \u00e0 info@lasiestasalou.com<\/strong> et notre \u00e9quipe de R\u00e9ception fera tout son possible pour rendre votre s\u00e9jour parfait.<\/p>\n<\/div><\/div>\n                                        <div class=\"faq\"><input type=\"checkbox\" id=\"faq-8717\" name=\"faq-group\"><label for=\"faq-8717\">Comment puis-je r\u00e9server ?<\/label><div class=\"content-faq\">\n<p>Vous pouvez r\u00e9server vos vacances sur ce m\u00eame site. En haut du menu d&rsquo;en-t\u00eate, vous trouverez toujours le <strong>bouton R\u00c9SERVATIONS<\/strong> afin que vous puissiez acc\u00e9der rapidement \u00e0 notre syst\u00e8me et consulter la disponibilit\u00e9 et les prix de nos diff\u00e9rents mod\u00e8les de bungalows, parcelles, mobil-homes ou appartements. <\/p>\n\n<p>Si vous le souhaitez, vous pouvez \u00e9galement nous \u00e9crire un email \u00e0 <strong>info@lasiestasalou.com<\/strong>, et notre personnel d&rsquo;accueil r\u00e9pondra \u00e0 toutes vos <strong>questions, demandes ou suggestions<\/strong>.<\/p>\n<\/div><\/div>\n                    \n<\/div>\n<\/div>\n<div id=\"wp-block-faq-block_6131ce1df6770\" class=\"block-faq \">\n<h3 class=\"faq-title\">NORMATIVA<\/h3>\n<div class=\"faqs-wrapper\">\n                        <div class=\"faq\"><input type=\"checkbox\" id=\"faq-9668\" name=\"faq-group\"><label for=\"faq-9668\">Est-il autoris\u00e9 de faire des barbecues ?<\/label><div class=\"content-faq\">\n<p>Oui, les barbecues sont autoris\u00e9s dans le resort.<\/p>\n\n<p>Certains h\u00e9bergements, comme Caribe Club, Canc\u00fan Club, Canc\u00fan et Jamaica, disposent de leur propre barbecue. Dans les autres bungalows et mobil-homes, les barbecues ne sont pas inclus, mais leur utilisation est autoris\u00e9e \u00e0 l\u2019ext\u00e9rieur. Il est \u00e9galement possible de faire des barbecues sur les emplacements.<br\/>   <\/p>\n\n<p>Nous ne proposons pas de service de location de barbecues.<\/p>\n\n<p>Il est important de rappeler qu&rsquo;il faut les r\u00e9aliser avec prudence, en respectant les mesures de s\u00e9curit\u00e9 et en maintenant une distance minimale de 1,5 m par rapport \u00e0 tout arbre, bungalow ou objet inflammable.<\/p>\n<\/div><\/div>\n                                        <div class=\"faq\"><input type=\"checkbox\" id=\"faq-9680\" name=\"faq-group\"><label for=\"faq-9680\">Animaux accept\u00e9s?<\/label><div class=\"content-faq\">\n<p>Seuls les animaux sont admis dans les zones des parcelles. Cela implique qu&rsquo;ils ne peuvent pas acc\u00e9der aux espaces communs restreints par les r\u00e9glementations sanitaires tels que les piscines, les toilettes, les aires de jeux et les zones sportives et alimentaires.<\/p>\n\n<p>\u00c0 leur tour, dans le cas des chiens, les races consid\u00e9r\u00e9es comme potentiellement dangereuses telles que (Akita Inu, American Staffordshire Terrier, Doberman, Dogo Argentino, Fila Brasileiro, Pitt Bull Terrier, Rottweiller, Staffordshire Bull Terrier et Tosa Inu) sont interdites d&rsquo;entr\u00e9e. .<\/p>\n\n<p>Enfin, nous vous rappelons que les animaux sont toujours la responsabilit\u00e9 de leurs propri\u00e9taires, ils sont donc invit\u00e9s \u00e0 respecter les r\u00e8gles de base de la coexistence, ainsi que la collecte de leurs d\u00e9positions.<\/p>\n<\/div><\/div>\n                                        <div class=\"faq\"><input type=\"checkbox\" id=\"faq-9697\" name=\"faq-group\"><label for=\"faq-9697\">Est-il possible d&rsquo;ajouter un v\u00e9hicule suppl\u00e9mentaire ?<\/label><div class=\"content-faq\">\n<p>Les r\u00e9servations comprennent le stationnement d&rsquo;un v\u00e9hicule. Dans le cas d&rsquo;avoir besoin de stationner un second v\u00e9hicule dans le terrain de stationnement du resort, il sera n\u00e9cessaire apr\u00e8s consultation de la disponibilit\u00e9 des places. <\/p>\n\n<p>Si possible, ceux-ci ont un co\u00fbt suppl\u00e9mentaire de 10 \u20ac. <\/p>\n<\/div><\/div>\n                                        <div class=\"faq\"><input type=\"checkbox\" id=\"faq-9708\" name=\"faq-group\"><label for=\"faq-9708\">Puis-je louer des v\u00e9los ?<\/label><div class=\"content-faq\">\n<p>Nous proposons la location de v\u00e9los de 2h \u00e0 15 jours. Le prix est soumis aux tarifs suivants : <\/p>\n\n<figure class=\"wp-block-table is-style-stripes\"><table><tbody><tr><td>Heures<\/td><td class=\"has-text-align-center\" data-align=\"center\">2h<\/td><td class=\"has-text-align-center\" data-align=\"center\">4h<\/td><\/tr><tr><td>Tarifs<\/td><td class=\"has-text-align-center\" data-align=\"center\">6\u20ac<\/td><td class=\"has-text-align-center\" data-align=\"center\">8\u20ac<\/td><\/tr><\/tbody><\/table><\/figure>\n<figure class=\"wp-block-table is-style-stripes\"><table><tbody><tr><td>Jours<\/td><td class=\"has-text-align-center\" data-align=\"center\">1<\/td><td class=\"has-text-align-center\" data-align=\"center\">2<\/td><td class=\"has-text-align-center\" data-align=\"center\">3<\/td><td class=\"has-text-align-center\" data-align=\"center\">4<\/td><td class=\"has-text-align-center\" data-align=\"center\">5<\/td><td class=\"has-text-align-center\" data-align=\"center\">6<\/td><td class=\"has-text-align-center\" data-align=\"center\">7<\/td><td class=\"has-text-align-center\" data-align=\"center\">10<\/td><td class=\"has-text-align-center\" data-align=\"center\">15<\/td><\/tr><tr><td>Tarifs<\/td><td class=\"has-text-align-center\" data-align=\"center\">12\u20ac<\/td><td class=\"has-text-align-center\" data-align=\"center\">20\u20ac<\/td><td class=\"has-text-align-center\" data-align=\"center\">25\u20ac<\/td><td class=\"has-text-align-center\" data-align=\"center\">29\u20ac<\/td><td class=\"has-text-align-center\" data-align=\"center\">33\u20ac<\/td><td class=\"has-text-align-center\" data-align=\"center\">37\u20ac<\/td><td class=\"has-text-align-center\" data-align=\"center\">40\u20ac<\/td><td class=\"has-text-align-center\" data-align=\"center\">49\u20ac<\/td><td class=\"has-text-align-center\" data-align=\"center\">68\u20ac<\/td><\/tr><\/tbody><\/table><\/figure>\n<p> pour ce service, il est n\u00e9cessaire de laisser une caution de 50 \u20ac.<\/p>\n\n<p>L&rsquo;utilisation d&rsquo;un casque est obligatoire pour les enfants \u00e2g\u00e9s de moins de 16 ans, nous vous les fournir \u00e0 la r\u00e9ception. <\/p>\n<\/div><\/div>\n                                        <div class=\"faq\"><input type=\"checkbox\" id=\"faq-9718\" name=\"faq-group\"><label for=\"faq-9718\">Puis-je recevoir des visiteurs ?<\/label><div class=\"content-faq\">\n<p>Les visites aux clients doivent TOUJOURS \u00eatre signal\u00e9es \u00e0 la r\u00e9ception et sont soumises \u00e0 disponibilit\u00e9 : <\/p>\n\n<ol class=\"wp-block-list\"><li>Lorsque le nombre de personnes visitant les clients d\u00e9j\u00e0 pr\u00e9sents sur le camping ne d\u00e9passe pas la capacit\u00e9 maximale autoris\u00e9e pour l&rsquo;h\u00e9bergement contract\u00e9, les visiteurs b\u00e9n\u00e9ficieront d&rsquo;une heure gratuite. Si les visiteurs souhaitent rester plus d&rsquo;une heure, ils doivent s&rsquo;acquitter du prix de la redevance camping par jour, selon la saison et l&rsquo;\u00e2ge, dans la limite des disponibilit\u00e9s. Pour cela, vous devez TOUJOURS v\u00e9rifier avant de vous rendre \u00e0 la r\u00e9ception.<\/li><li>En cas de d\u00e9passement de la capacit\u00e9 maximale de chaque type d&rsquo;h\u00e9bergement, nous avons (sous r\u00e9serve de disponibilit\u00e9 et de capacit\u00e9 du complexe) des forfaits journaliers qui incluent le s\u00e9jour au camping et la nourriture \u00e0 El Boh\u00edo.<\/li><\/ol>\n<p>Dans aucun des cas, une place de parking n&rsquo;est incluse pas. Dans tous les cas, les visiteurs ne peuvent pas dormir au camping et leur heure de d\u00e9part maximum sera de 24 heures. <\/p>\n\n<p>De plus, \u00e0 l&rsquo;entr\u00e9e du camping, les visiteurs doivent d\u00e9poser une pi\u00e8ce d&rsquo;identit\u00e9 qui sera retir\u00e9e au d\u00e9part.<\/p>\n<\/div><\/div>\n                    \n<\/div>\n<\/div>\n<div id=\"wp-block-faq-block_6131f5803eda4\" class=\"block-faq \">\n<h3 class=\"faq-title\">INFORMACI\u00d3N GENERAL<\/h3>\n<div class=\"faqs-wrapper\">\n                        <div class=\"faq\"><input type=\"checkbox\" id=\"faq-9656\" name=\"faq-group\"><label for=\"faq-9656\">Y a-t-il un distributeur automatique de billets?<\/label><div class=\"content-faq\">\n<p>Oui, nous avons un distributeur automatique. Il est situ\u00e9 \u00e0 c\u00f4t\u00e9 de la r\u00e9ception et est ouvert 24 heures sur 24.<\/p>\n<\/div><\/div>\n                                        <div class=\"faq\"><input type=\"checkbox\" id=\"faq-9734\" name=\"faq-group\"><label for=\"faq-9734\">Puis-je avoir acc\u00e8s WIFI gratuit?<\/label><div class=\"content-faq\">\n<p>Oui, nous disposons d&rsquo;un service WIFI gratuit qui vous permettra de vous connecter gratuitement depuis n&rsquo;importe o\u00f9 dans la station.<\/p>\n\n<p>Cependant, si vous souhaitez avoir un d\u00e9bit plus \u00e9lev\u00e9, nous disposons d&rsquo;un r\u00e9seau WIFI (Premium) que vous pouvez louer \u00e0 la r\u00e9ception \u00e0 votre arriv\u00e9e.<\/p>\n\n<p><\/p>\n<\/div><\/div>\n                                        <div class=\"faq\"><input type=\"checkbox\" id=\"faq-9746\" name=\"faq-group\"><label for=\"faq-9746\">A quelle distance se trouve Port Aventura ?<\/label><div class=\"content-faq\">\n<p>Le complexe est situ\u00e9 \u00e0 seulement 2 km du parc \u00e0 th\u00e8me. Vous pouvez vous d\u00e9placer en bus, en taxi ou avec votre propre v\u00e9hicule. Cependant, en raison de sa proximit\u00e9, si vous d\u00e9cidez d&rsquo;y acc\u00e9der \u00e0 pied, il n&rsquo;est qu&rsquo;\u00e0 20 minutes environ.<\/p>\n<\/div><\/div>\n                                        <div class=\"faq\"><input type=\"checkbox\" id=\"faq-9752\" name=\"faq-group\"><label for=\"faq-9752\">A quelle distance est la plage ?<\/label><div class=\"content-faq\">\n<p>La plage est \u00e0 seulement 400 m de la station, afin que vous puissiez y acc\u00e9der facilement et rapidement. <\/p>\n<\/div><\/div>\n                    \n<\/div>\n<\/div>\n\n<p><\/p>\n","protected":false},"excerpt":{"rendered":"","protected":false},"author":1,"featured_media":0,"parent":0,"menu_order":0,"comment_status":"closed","ping_status":"closed","template":"","meta":{"_acf_changed":false,"inline_featured_image":false,"footnotes":""},"class_list":["post-6001","page","type-page","status-publish","hentry"],"acf":[],"yoast_head":"<!-- This site is optimized with the Yoast SEO plugin v26.8 - https:\/\/yoast.com\/product\/yoast-seo-wordpress\/ -->\n<title>FAQs | La Siesta Salou Resort &amp; Camping<\/title>\n<meta name=\"robots\" content=\"index, follow, max-snippet:-1, max-image-preview:large, max-video-preview:-1\" \/>\n<link rel=\"canonical\" href=\"https:\/\/www.camping-lasiesta.com\/fr\/faqs\/\" \/>\n<meta property=\"og:locale\" content=\"fr_FR\" \/>\n<meta property=\"og:type\" content=\"article\" \/>\n<meta property=\"og:title\" content=\"FAQs | La Siesta Salou Resort &amp; Camping\" \/>\n<meta property=\"og:url\" content=\"https:\/\/www.camping-lasiesta.com\/fr\/faqs\/\" \/>\n<meta property=\"og:site_name\" content=\"La Siesta Salou Resort &amp; Camping\" \/>\n<meta property=\"article:publisher\" content=\"https:\/\/www.facebook.com\/LaSiestaSalou\" \/>\n<meta property=\"article:modified_time\" content=\"2022-05-20T09:07:40+00:00\" \/>\n<meta property=\"og:image\" content=\"https:\/\/www.camping-lasiesta.com\/wp-content\/uploads\/recepcion-la-siesta.jpg\" \/>\n<meta name=\"twitter:card\" content=\"summary_large_image\" \/>\n<meta name=\"twitter:label1\" content=\"Dur\u00e9e de lecture estim\u00e9e\" \/>\n\t<meta name=\"twitter:data1\" content=\"1 minute\" \/>\n<script type=\"application\/ld+json\" class=\"yoast-schema-graph\">{\"@context\":\"https:\/\/schema.org\",\"@graph\":[{\"@type\":\"WebPage\",\"@id\":\"https:\/\/www.camping-lasiesta.com\/fr\/faqs\/\",\"url\":\"https:\/\/www.camping-lasiesta.com\/fr\/faqs\/\",\"name\":\"FAQs | La Siesta Salou Resort &amp; Camping\",\"isPartOf\":{\"@id\":\"https:\/\/www.camping-lasiesta.com\/fr\/#website\"},\"primaryImageOfPage\":{\"@id\":\"https:\/\/www.camping-lasiesta.com\/fr\/faqs\/#primaryimage\"},\"image\":{\"@id\":\"https:\/\/www.camping-lasiesta.com\/fr\/faqs\/#primaryimage\"},\"thumbnailUrl\":\"https:\/\/www.camping-lasiesta.com\/wp-content\/uploads\/recepcion-la-siesta.jpg\",\"datePublished\":\"2021-07-23T08:17:52+00:00\",\"dateModified\":\"2022-05-20T09:07:40+00:00\",\"breadcrumb\":{\"@id\":\"https:\/\/www.camping-lasiesta.com\/fr\/faqs\/#breadcrumb\"},\"inLanguage\":\"fr-FR\",\"potentialAction\":[{\"@type\":\"ReadAction\",\"target\":[\"https:\/\/www.camping-lasiesta.com\/fr\/faqs\/\"]}]},{\"@type\":\"ImageObject\",\"inLanguage\":\"fr-FR\",\"@id\":\"https:\/\/www.camping-lasiesta.com\/fr\/faqs\/#primaryimage\",\"url\":\"https:\/\/www.camping-lasiesta.com\/wp-content\/uploads\/recepcion-la-siesta.jpg\",\"contentUrl\":\"https:\/\/www.camping-lasiesta.com\/wp-content\/uploads\/recepcion-la-siesta.jpg\"},{\"@type\":\"BreadcrumbList\",\"@id\":\"https:\/\/www.camping-lasiesta.com\/fr\/faqs\/#breadcrumb\",\"itemListElement\":[{\"@type\":\"ListItem\",\"position\":1,\"name\":\"Portada\",\"item\":\"https:\/\/www.camping-lasiesta.com\/fr\/\"},{\"@type\":\"ListItem\",\"position\":2,\"name\":\"FAQs\"}]},{\"@type\":\"WebSite\",\"@id\":\"https:\/\/www.camping-lasiesta.com\/fr\/#website\",\"url\":\"https:\/\/www.camping-lasiesta.com\/fr\/\",\"name\":\"La Siesta Salou Resort & Camping\",\"description\":\"La Siesta Salou, un resort familiar en el centro de Salou y a 400m de la playa\",\"publisher\":{\"@id\":\"https:\/\/www.camping-lasiesta.com\/fr\/#organization\"},\"alternateName\":\"La Siesta Salou\",\"potentialAction\":[{\"@type\":\"SearchAction\",\"target\":{\"@type\":\"EntryPoint\",\"urlTemplate\":\"https:\/\/www.camping-lasiesta.com\/fr\/?s={search_term_string}\"},\"query-input\":{\"@type\":\"PropertyValueSpecification\",\"valueRequired\":true,\"valueName\":\"search_term_string\"}}],\"inLanguage\":\"fr-FR\"},{\"@type\":\"Organization\",\"@id\":\"https:\/\/www.camping-lasiesta.com\/fr\/#organization\",\"name\":\"La Siesta Salou Resort & Camping\",\"alternateName\":\"La Siesta Salou\",\"url\":\"https:\/\/www.camping-lasiesta.com\/fr\/\",\"logo\":{\"@type\":\"ImageObject\",\"inLanguage\":\"fr-FR\",\"@id\":\"https:\/\/www.camping-lasiesta.com\/fr\/#\/schema\/logo\/image\/\",\"url\":\"https:\/\/www.camping-lasiesta.com\/wp-content\/uploads\/cropped-favicon-min.png\",\"contentUrl\":\"https:\/\/www.camping-lasiesta.com\/wp-content\/uploads\/cropped-favicon-min.png\",\"width\":512,\"height\":512,\"caption\":\"La Siesta Salou Resort & Camping\"},\"image\":{\"@id\":\"https:\/\/www.camping-lasiesta.com\/fr\/#\/schema\/logo\/image\/\"},\"sameAs\":[\"https:\/\/www.facebook.com\/LaSiestaSalou\",\"https:\/\/www.instagram.com\/lasiestasalou\/\",\"https:\/\/www.youtube.com\/c\/LaSiestaSalouResortCamping\",\"https:\/\/www.tiktok.com\/@lasiestasalou\"]}]}<\/script>\n<!-- \/ Yoast SEO plugin. -->","yoast_head_json":{"title":"FAQs | La Siesta Salou Resort &amp; Camping","robots":{"index":"index","follow":"follow","max-snippet":"max-snippet:-1","max-image-preview":"max-image-preview:large","max-video-preview":"max-video-preview:-1"},"canonical":"https:\/\/www.camping-lasiesta.com\/fr\/faqs\/","og_locale":"fr_FR","og_type":"article","og_title":"FAQs | La Siesta Salou Resort &amp; Camping","og_url":"https:\/\/www.camping-lasiesta.com\/fr\/faqs\/","og_site_name":"La Siesta Salou Resort &amp; Camping","article_publisher":"https:\/\/www.facebook.com\/LaSiestaSalou","article_modified_time":"2022-05-20T09:07:40+00:00","og_image":[{"url":"https:\/\/www.camping-lasiesta.com\/wp-content\/uploads\/recepcion-la-siesta.jpg","type":"","width":"","height":""}],"twitter_card":"summary_large_image","twitter_misc":{"Dur\u00e9e de lecture estim\u00e9e":"1 minute"},"schema":{"@context":"https:\/\/schema.org","@graph":[{"@type":"WebPage","@id":"https:\/\/www.camping-lasiesta.com\/fr\/faqs\/","url":"https:\/\/www.camping-lasiesta.com\/fr\/faqs\/","name":"FAQs | La Siesta Salou Resort &amp; Camping","isPartOf":{"@id":"https:\/\/www.camping-lasiesta.com\/fr\/#website"},"primaryImageOfPage":{"@id":"https:\/\/www.camping-lasiesta.com\/fr\/faqs\/#primaryimage"},"image":{"@id":"https:\/\/www.camping-lasiesta.com\/fr\/faqs\/#primaryimage"},"thumbnailUrl":"https:\/\/www.camping-lasiesta.com\/wp-content\/uploads\/recepcion-la-siesta.jpg","datePublished":"2021-07-23T08:17:52+00:00","dateModified":"2022-05-20T09:07:40+00:00","breadcrumb":{"@id":"https:\/\/www.camping-lasiesta.com\/fr\/faqs\/#breadcrumb"},"inLanguage":"fr-FR","potentialAction":[{"@type":"ReadAction","target":["https:\/\/www.camping-lasiesta.com\/fr\/faqs\/"]}]},{"@type":"ImageObject","inLanguage":"fr-FR","@id":"https:\/\/www.camping-lasiesta.com\/fr\/faqs\/#primaryimage","url":"https:\/\/www.camping-lasiesta.com\/wp-content\/uploads\/recepcion-la-siesta.jpg","contentUrl":"https:\/\/www.camping-lasiesta.com\/wp-content\/uploads\/recepcion-la-siesta.jpg"},{"@type":"BreadcrumbList","@id":"https:\/\/www.camping-lasiesta.com\/fr\/faqs\/#breadcrumb","itemListElement":[{"@type":"ListItem","position":1,"name":"Portada","item":"https:\/\/www.camping-lasiesta.com\/fr\/"},{"@type":"ListItem","position":2,"name":"FAQs"}]},{"@type":"WebSite","@id":"https:\/\/www.camping-lasiesta.com\/fr\/#website","url":"https:\/\/www.camping-lasiesta.com\/fr\/","name":"La Siesta Salou Resort & Camping","description":"La Siesta Salou, un resort familiar en el centro de Salou y a 400m de la playa","publisher":{"@id":"https:\/\/www.camping-lasiesta.com\/fr\/#organization"},"alternateName":"La Siesta Salou","potentialAction":[{"@type":"SearchAction","target":{"@type":"EntryPoint","urlTemplate":"https:\/\/www.camping-lasiesta.com\/fr\/?s={search_term_string}"},"query-input":{"@type":"PropertyValueSpecification","valueRequired":true,"valueName":"search_term_string"}}],"inLanguage":"fr-FR"},{"@type":"Organization","@id":"https:\/\/www.camping-lasiesta.com\/fr\/#organization","name":"La Siesta Salou Resort & Camping","alternateName":"La Siesta Salou","url":"https:\/\/www.camping-lasiesta.com\/fr\/","logo":{"@type":"ImageObject","inLanguage":"fr-FR","@id":"https:\/\/www.camping-lasiesta.com\/fr\/#\/schema\/logo\/image\/","url":"https:\/\/www.camping-lasiesta.com\/wp-content\/uploads\/cropped-favicon-min.png","contentUrl":"https:\/\/www.camping-lasiesta.com\/wp-content\/uploads\/cropped-favicon-min.png","width":512,"height":512,"caption":"La Siesta Salou Resort & Camping"},"image":{"@id":"https:\/\/www.camping-lasiesta.com\/fr\/#\/schema\/logo\/image\/"},"sameAs":["https:\/\/www.facebook.com\/LaSiestaSalou","https:\/\/www.instagram.com\/lasiestasalou\/","https:\/\/www.youtube.com\/c\/LaSiestaSalouResortCamping","https:\/\/www.tiktok.com\/@lasiestasalou"]}]}},"_links":{"self":[{"href":"https:\/\/www.camping-lasiesta.com\/fr\/wp-json\/wp\/v2\/pages\/6001","targetHints":{"allow":["GET"]}}],"collection":[{"href":"https:\/\/www.camping-lasiesta.com\/fr\/wp-json\/wp\/v2\/pages"}],"about":[{"href":"https:\/\/www.camping-lasiesta.com\/fr\/wp-json\/wp\/v2\/types\/page"}],"author":[{"embeddable":true,"href":"https:\/\/www.camping-lasiesta.com\/fr\/wp-json\/wp\/v2\/users\/1"}],"replies":[{"embeddable":true,"href":"https:\/\/www.camping-lasiesta.com\/fr\/wp-json\/wp\/v2\/comments?post=6001"}],"version-history":[{"count":5,"href":"https:\/\/www.camping-lasiesta.com\/fr\/wp-json\/wp\/v2\/pages\/6001\/revisions"}],"predecessor-version":[{"id":13304,"href":"https:\/\/www.camping-lasiesta.com\/fr\/wp-json\/wp\/v2\/pages\/6001\/revisions\/13304"}],"wp:attachment":[{"href":"https:\/\/www.camping-lasiesta.com\/fr\/wp-json\/wp\/v2\/media?parent=6001"}],"curies":[{"name":"wp","href":"https:\/\/api.w.org\/{rel}","templated":true}]}}